{"id":234,"date":"2023-05-03T14:09:41","date_gmt":"2023-05-03T14:09:41","guid":{"rendered":"https:\/\/serenus.co.mz\/?page_id=234"},"modified":"2023-08-15T08:21:50","modified_gmt":"2023-08-15T08:21:50","slug":"seguranca-ao-comercio","status":"publish","type":"page","link":"https:\/\/serenus.co.mz\/en\/seguranca-ao-comercio\/","title":{"rendered":"seguranca-ao-comercio"},"content":{"rendered":"<div data-elementor-type=\"wp-page\" data-elementor-id=\"234\" class=\"elementor elementor-234\" data-elementor-post-type=\"page\">\n\t\t\t\t\t\t\t\t\t<section class=\"elementor-section elementor-top-section elementor-element elementor-element-3b4487e elementor-section-boxed elementor-section-height-default elementor-section-height-default\" data-id=\"3b4487e\" data-element_type=\"section\">\n\t\t\t\t\t\t<div class=\"elementor-container elementor-column-gap-default\">\n\t\t\t\t\t<div class=\"elementor-column elementor-col-100 elementor-top-column elementor-element elementor-element-3983f09\" data-id=\"3983f09\" data-element_type=\"column\">\n\t\t\t<div class=\"elementor-widget-wrap elementor-element-populated\">\n\t\t\t\t\t\t\t\t<div class=\"elementor-element elementor-element-5de104b elementor-widget elementor-widget-spacer\" data-id=\"5de104b\" data-element_type=\"widget\" data-widget_type=\"spacer.default\">\n\t\t\t\t<div class=\"elementor-widget-container\">\n\t\t\t<style>\/*! elementor - v3.17.0 - 08-11-2023 *\/\n.elementor-column .elementor-spacer-inner{height:var(--spacer-size)}.e-con{--container-widget-width:100%}.e-con-inner>.elementor-widget-spacer,.e-con>.elementor-widget-spacer{width:var(--container-widget-width,var(--spacer-size));--align-self:var(--container-widget-align-self,initial);--flex-shrink:0}.e-con-inner>.elementor-widget-spacer>.elementor-widget-container,.e-con>.elementor-widget-spacer>.elementor-widget-container{height:100%;width:100%}.e-con-inner>.elementor-widget-spacer>.elementor-widget-container>.elementor-spacer,.e-con>.elementor-widget-spacer>.elementor-widget-container>.elementor-spacer{height:100%}.e-con-inner>.elementor-widget-spacer>.elementor-widget-container>.elementor-spacer>.elementor-spacer-inner,.e-con>.elementor-widget-spacer>.elementor-widget-container>.elementor-spacer>.elementor-spacer-inner{height:var(--container-widget-height,var(--spacer-size))}.e-con-inner>.elementor-widget-spacer.elementor-widget-empty,.e-con>.elementor-widget-spacer.elementor-widget-empty{position:relative;min-height:22px;min-width:22px}.e-con-inner>.elementor-widget-spacer.elementor-widget-empty .elementor-widget-empty-icon,.e-con>.elementor-widget-spacer.elementor-widget-empty .elementor-widget-empty-icon{position:absolute;top:0;bottom:0;left:0;right:0;margin:auto;padding:0;width:22px;height:22px}<\/style>\t\t<div class=\"elementor-spacer\">\n\t\t\t<div class=\"elementor-spacer-inner\"><\/div>\n\t\t<\/div>\n\t\t\t\t<\/div>\n\t\t\t\t<\/div>\n\t\t\t\t<div class=\"elementor-element elementor-element-55aba26 elementor-widget elementor-widget-heading\" data-id=\"55aba26\" data-element_type=\"widget\" data-widget_type=\"heading.default\">\n\t\t\t\t<div class=\"elementor-widget-container\">\n\t\t\t<style>\/*! elementor - v3.17.0 - 08-11-2023 *\/\n.elementor-heading-title{padding:0;margin:0;line-height:1}.elementor-widget-heading .elementor-heading-title[class*=elementor-size-]>a{color:inherit;font-size:inherit;line-height:inherit}.elementor-widget-heading .elementor-heading-title.elementor-size-small{font-size:15px}.elementor-widget-heading .elementor-heading-title.elementor-size-medium{font-size:19px}.elementor-widget-heading .elementor-heading-title.elementor-size-large{font-size:29px}.elementor-widget-heading .elementor-heading-title.elementor-size-xl{font-size:39px}.elementor-widget-heading .elementor-heading-title.elementor-size-xxl{font-size:59px}<\/style><h2 class=\"elementor-heading-title elementor-size-default\">SECURITY SERVICES TO THE RETAIL TRADE\n<\/h2>\t\t<\/div>\n\t\t\t\t<\/div>\n\t\t\t\t\t<\/div>\n\t\t<\/div>\n\t\t\t\t\t\t\t<\/div>\n\t\t<\/section>\n\t\t\t\t<section class=\"elementor-section elementor-top-section elementor-element elementor-element-dc61081 elementor-section-full_width elementor-section-height-default elementor-section-height-default\" data-id=\"dc61081\" data-element_type=\"section\">\n\t\t\t\t\t\t<div class=\"elementor-container elementor-column-gap-default\">\n\t\t\t\t\t<div class=\"elementor-column elementor-col-100 elementor-top-column elementor-element elementor-element-a1ea8ff\" data-id=\"a1ea8ff\" data-element_type=\"column\">\n\t\t\t<div class=\"elementor-widget-wrap elementor-element-populated\">\n\t\t\t\t\t\t\t\t<div class=\"elementor-element elementor-element-17c600d elementor-widget elementor-widget-text-editor\" data-id=\"17c600d\" data-element_type=\"widget\" data-widget_type=\"text-editor.default\">\n\t\t\t\t<div class=\"elementor-widget-container\">\n\t\t\t<style>\/*! elementor - v3.17.0 - 08-11-2023 *\/\n.elementor-widget-text-editor.elementor-drop-cap-view-stacked .elementor-drop-cap{background-color:#69727d;color:#fff}.elementor-widget-text-editor.elementor-drop-cap-view-framed .elementor-drop-cap{color:#69727d;border:3px solid;background-color:transparent}.elementor-widget-text-editor:not(.elementor-drop-cap-view-default) .elementor-drop-cap{margin-top:8px}.elementor-widget-text-editor:not(.elementor-drop-cap-view-default) .elementor-drop-cap-letter{width:1em;height:1em}.elementor-widget-text-editor .elementor-drop-cap{float:left;text-align:center;line-height:1;font-size:50px}.elementor-widget-text-editor .elementor-drop-cap-letter{display:inline-block}<\/style>\t\t\t\t<p>Serenus provides specialist security services to large commercial areas and retail shops.<\/p><p>Our uniformed or plain-clothed security guards guarantee the safety of users and help to reduce crime in the areas we protect.<\/p><p>The security and image monitoring centres are used for incident control and judicial evidence.<\/p><p>Our operational staff contributes to the well-being and safety of tenants and their customers.<\/p>\t\t\t\t\t\t<\/div>\n\t\t\t\t<\/div>\n\t\t\t\t\t<\/div>\n\t\t<\/div>\n\t\t\t\t\t\t\t<\/div>\n\t\t<\/section>\n\t\t\t\t<section class=\"elementor-section elementor-top-section elementor-element elementor-element-a02cec0 elementor-section-full_width elementor-section-height-default elementor-section-height-default\" data-id=\"a02cec0\" data-element_type=\"section\">\n\t\t\t\t\t\t<div class=\"elementor-container elementor-column-gap-default\">\n\t\t\t\t\t<div class=\"elementor-column elementor-col-25 elementor-top-column elementor-element elementor-element-612cfce\" data-id=\"612cfce\" data-element_type=\"column\">\n\t\t\t<div class=\"elementor-widget-wrap elementor-element-populated\">\n\t\t\t\t\t\t\t\t<div class=\"elementor-element elementor-element-6257d54 elementor-widget elementor-widget-image\" data-id=\"6257d54\" data-element_type=\"widget\" data-widget_type=\"image.default\">\n\t\t\t\t<div class=\"elementor-widget-container\">\n\t\t\t<style>\/*! elementor - v3.17.0 - 08-11-2023 *\/\n.elementor-widget-image{text-align:center}.elementor-widget-image a{display:inline-block}.elementor-widget-image a img[src$=\".svg\"]{width:48px}.elementor-widget-image img{vertical-align:middle;display:inline-block}<\/style>\t\t\t\t\t\t\t\t\t\t\t\t<img decoding=\"async\" width=\"275\" height=\"183\" src=\"https:\/\/serenus.co.mz\/wp-content\/uploads\/2023\/05\/Picture5.png\" class=\"attachment-large size-large wp-image-236\" alt=\"\" loading=\"lazy\" srcset=\"https:\/\/serenus.co.mz\/wp-content\/uploads\/2023\/05\/Picture5.png 275w, https:\/\/serenus.co.mz\/wp-content\/uploads\/2023\/05\/Picture5-18x12.png 18w\" sizes=\"(max-width: 275px) 100vw, 275px\" \/>\t\t\t\t\t\t\t\t\t\t\t\t\t\t\t<\/div>\n\t\t\t\t<\/div>\n\t\t\t\t\t<\/div>\n\t\t<\/div>\n\t\t\t\t<div class=\"elementor-column elementor-col-25 elementor-top-column elementor-element elementor-element-94691f2\" data-id=\"94691f2\" data-element_type=\"column\">\n\t\t\t<div class=\"elementor-widget-wrap elementor-element-populated\">\n\t\t\t\t\t\t\t\t<div class=\"elementor-element elementor-element-fa48941 elementor-widget elementor-widget-image\" data-id=\"fa48941\" data-element_type=\"widget\" data-widget_type=\"image.default\">\n\t\t\t\t<div class=\"elementor-widget-container\">\n\t\t\t\t\t\t\t\t\t\t\t\t\t\t\t<img decoding=\"async\" width=\"360\" height=\"243\" src=\"https:\/\/serenus.co.mz\/wp-content\/uploads\/2023\/05\/Picture6.png\" class=\"attachment-large size-large wp-image-237\" alt=\"\" loading=\"lazy\" srcset=\"https:\/\/serenus.co.mz\/wp-content\/uploads\/2023\/05\/Picture6.png 360w, https:\/\/serenus.co.mz\/wp-content\/uploads\/2023\/05\/Picture6-300x203.png 300w, https:\/\/serenus.co.mz\/wp-content\/uploads\/2023\/05\/Picture6-18x12.png 18w\" sizes=\"(max-width: 360px) 100vw, 360px\" \/>\t\t\t\t\t\t\t\t\t\t\t\t\t\t\t<\/div>\n\t\t\t\t<\/div>\n\t\t\t\t\t<\/div>\n\t\t<\/div>\n\t\t\t\t<div class=\"elementor-column elementor-col-25 elementor-top-column elementor-element elementor-element-01337ad\" data-id=\"01337ad\" data-element_type=\"column\">\n\t\t\t<div class=\"elementor-widget-wrap elementor-element-populated\">\n\t\t\t\t\t\t\t\t<div class=\"elementor-element elementor-element-44e9017 elementor-widget elementor-widget-image\" data-id=\"44e9017\" data-element_type=\"widget\" data-widget_type=\"image.default\">\n\t\t\t\t<div class=\"elementor-widget-container\">\n\t\t\t\t\t\t\t\t\t\t\t\t\t\t\t<img decoding=\"async\" width=\"434\" height=\"203\" src=\"https:\/\/serenus.co.mz\/wp-content\/uploads\/2023\/05\/Picture7.png\" class=\"attachment-large size-large wp-image-238\" alt=\"\" loading=\"lazy\" srcset=\"https:\/\/serenus.co.mz\/wp-content\/uploads\/2023\/05\/Picture7.png 434w, https:\/\/serenus.co.mz\/wp-content\/uploads\/2023\/05\/Picture7-300x140.png 300w, https:\/\/serenus.co.mz\/wp-content\/uploads\/2023\/05\/Picture7-18x8.png 18w\" sizes=\"(max-width: 434px) 100vw, 434px\" \/>\t\t\t\t\t\t\t\t\t\t\t\t\t\t\t<\/div>\n\t\t\t\t<\/div>\n\t\t\t\t\t<\/div>\n\t\t<\/div>\n\t\t\t\t<div class=\"elementor-column elementor-col-25 elementor-top-column elementor-element elementor-element-3f0ffaf\" data-id=\"3f0ffaf\" data-element_type=\"column\">\n\t\t\t<div class=\"elementor-widget-wrap elementor-element-populated\">\n\t\t\t\t\t\t\t\t<div class=\"elementor-element elementor-element-fc15950 elementor-widget elementor-widget-image\" data-id=\"fc15950\" data-element_type=\"widget\" data-widget_type=\"image.default\">\n\t\t\t\t<div class=\"elementor-widget-container\">\n\t\t\t\t\t\t\t\t\t\t\t\t\t\t\t<img decoding=\"async\" width=\"389\" height=\"121\" src=\"https:\/\/serenus.co.mz\/wp-content\/uploads\/2023\/05\/Picture8.png\" class=\"attachment-large size-large wp-image-239\" alt=\"\" loading=\"lazy\" srcset=\"https:\/\/serenus.co.mz\/wp-content\/uploads\/2023\/05\/Picture8.png 389w, https:\/\/serenus.co.mz\/wp-content\/uploads\/2023\/05\/Picture8-300x93.png 300w, https:\/\/serenus.co.mz\/wp-content\/uploads\/2023\/05\/Picture8-18x6.png 18w\" sizes=\"(max-width: 389px) 100vw, 389px\" \/>\t\t\t\t\t\t\t\t\t\t\t\t\t\t\t<\/div>\n\t\t\t\t<\/div>\n\t\t\t\t\t<\/div>\n\t\t<\/div>\n\t\t\t\t\t\t\t<\/div>\n\t\t<\/section>\n\t\t\t\t\t\t\t<\/div>","protected":false},"excerpt":{"rendered":"<p>SERVI\u00c7OS DE SEGURAN\u00c7A AO COMERCIO DE RETALHO A Serenus oferece servi\u00e7os especializados de seguran\u00e7a a grandes \u00e1reas comerciais e lojas comerciais de venda a retalho. Os nossos agentes de seguran\u00e7a uniformizados ou trajados \u00e0 civil, garantem a seguran\u00e7a dos utentes e contribuem para a redu\u00e7\u00e3o da criminalidade nas \u00e1reas por n\u00f3s protegidas. As centrais de &hellip;<\/p>\n<p class=\"read-more\"> <a class=\"\" href=\"https:\/\/serenus.co.mz\/en\/seguranca-ao-comercio\/\"> <span class=\"screen-reader-text\">seguranca-ao-comercio<\/span> Read More &raquo;<\/a><\/p>","protected":false},"author":2,"featured_media":0,"parent":0,"menu_order":0,"comment_status":"closed","ping_status":"closed","template":"","meta":{"om_disable_all_campaigns":false,"_mi_skip_tracking":false,"_monsterinsights_sitenote_active":false,"_monsterinsights_sitenote_note":"","_monsterinsights_sitenote_category":0,"site-sidebar-layout":"no-sidebar","site-content-layout":"page-builder","ast-site-content-layout":"","site-content-style":"default","site-sidebar-style":"default","ast-global-header-display":"","ast-banner-title-visibility":"","ast-main-header-display":"","ast-hfb-above-header-display":"","ast-hfb-below-header-display":"","ast-hfb-mobile-header-display":"","site-post-title":"disabled","ast-breadcrumbs-content":"","ast-featured-img":"disabled","footer-sml-layout":"","theme-transparent-header-meta":"","adv-header-id-meta":"","stick-header-meta":"","header-above-stick-meta":"","header-main-stick-meta":"","header-below-stick-meta":"","astra-migrate-meta-layouts":"","ast-page-background-enabled":"default","ast-page-background-meta":{"desktop":{"background-color":"var(--ast-global-color-4)","background-image":"","background-repeat":"repeat","background-position":"center center","background-size":"auto","background-attachment":"scroll","background-type":"","background-media":"","overlay-type":"","overlay-color":"","overlay-gradient":""},"tablet":{"background-color":"","background-image":"","background-repeat":"repeat","background-position":"center center","background-size":"auto","background-attachment":"scroll","background-type":"","background-media":"","overlay-type":"","overlay-color":"","overlay-gradient":""},"mobile":{"background-color":"","background-image":"","background-repeat":"repeat","background-position":"center center","background-size":"auto","background-attachment":"scroll","background-type":"","background-media":"","overlay-type":"","overlay-color":"","overlay-gradient":""}},"ast-content-background-meta":{"desktop":{"background-color":"var(--ast-global-color-5)","background-image":"","background-repeat":"repeat","background-position":"center center","background-size":"auto","background-attachment":"scroll","background-type":"","background-media":"","overlay-type":"","overlay-color":"","overlay-gradient":""},"tablet":{"background-color":"var(--ast-global-color-5)","background-image":"","background-repeat":"repeat","background-position":"center center","background-size":"auto","background-attachment":"scroll","background-type":"","background-media":"","overlay-type":"","overlay-color":"","overlay-gradient":""},"mobile":{"background-color":"var(--ast-global-color-5)","background-image":"","background-repeat":"repeat","background-position":"center center","background-size":"auto","background-attachment":"scroll","background-type":"","background-media":"","overlay-type":"","overlay-color":"","overlay-gradient":""}}},"yoast_head":"<!-- This site is optimized with the Yoast SEO plugin v21.5 - https:\/\/yoast.com\/wordpress\/plugins\/seo\/ -->\n<title>seguranca-ao-comercio - Serenus<\/title>\n<meta name=\"robots\" content=\"index, follow, max-snippet:-1, max-image-preview:large, max-video-preview:-1\" \/>\n<link rel=\"canonical\" href=\"https:\/\/serenus.co.mz\/en\/seguranca-ao-comercio\/\" \/>\n<meta property=\"og:locale\" content=\"en_US\" \/>\n<meta property=\"og:type\" content=\"article\" \/>\n<meta property=\"og:title\" content=\"seguranca-ao-comercio - Serenus\" \/>\n<meta property=\"og:description\" content=\"SERVI\u00c7OS DE SEGURAN\u00c7A AO COMERCIO DE RETALHO A Serenus oferece servi\u00e7os especializados de seguran\u00e7a a grandes \u00e1reas comerciais e lojas comerciais de venda a retalho. Os nossos agentes de seguran\u00e7a uniformizados ou trajados \u00e0 civil, garantem a seguran\u00e7a dos utentes e contribuem para a redu\u00e7\u00e3o da criminalidade nas \u00e1reas por n\u00f3s protegidas. As centrais de &hellip; seguranca-ao-comercio Read More &raquo;\" \/>\n<meta property=\"og:url\" content=\"https:\/\/serenus.co.mz\/en\/seguranca-ao-comercio\/\" \/>\n<meta property=\"og:site_name\" content=\"Serenus\" \/>\n<meta property=\"article:modified_time\" content=\"2023-08-15T08:21:50+00:00\" \/>\n<meta property=\"og:image\" content=\"https:\/\/serenus.co.mz\/wp-content\/uploads\/2023\/05\/Picture5.png\" \/>\n<meta name=\"twitter:card\" content=\"summary_large_image\" \/>\n<meta name=\"twitter:label1\" content=\"Est. reading time\" \/>\n\t<meta name=\"twitter:data1\" content=\"2 minutes\" \/>\n<script type=\"application\/ld+json\" class=\"yoast-schema-graph\">{\"@context\":\"https:\/\/schema.org\",\"@graph\":[{\"@type\":\"WebPage\",\"@id\":\"https:\/\/serenus.co.mz\/seguranca-ao-comercio\/\",\"url\":\"https:\/\/serenus.co.mz\/seguranca-ao-comercio\/\",\"name\":\"seguranca-ao-comercio - Serenus\",\"isPartOf\":{\"@id\":\"https:\/\/serenus.co.mz\/#website\"},\"datePublished\":\"2023-05-03T14:09:41+00:00\",\"dateModified\":\"2023-08-15T08:21:50+00:00\",\"breadcrumb\":{\"@id\":\"https:\/\/serenus.co.mz\/seguranca-ao-comercio\/#breadcrumb\"},\"inLanguage\":\"en-US\",\"potentialAction\":[{\"@type\":\"ReadAction\",\"target\":[\"https:\/\/serenus.co.mz\/seguranca-ao-comercio\/\"]}]},{\"@type\":\"BreadcrumbList\",\"@id\":\"https:\/\/serenus.co.mz\/seguranca-ao-comercio\/#breadcrumb\",\"itemListElement\":[{\"@type\":\"ListItem\",\"position\":1,\"name\":\"Home\",\"item\":\"https:\/\/serenus.co.mz\/\"},{\"@type\":\"ListItem\",\"position\":2,\"name\":\"seguranca-ao-comercio\"}]},{\"@type\":\"WebSite\",\"@id\":\"https:\/\/serenus.co.mz\/#website\",\"url\":\"https:\/\/serenus.co.mz\/\",\"name\":\"Serenus\",\"description\":\"Protec\u00e7\u00e3o e Seguran\u00e7a\",\"publisher\":{\"@id\":\"https:\/\/serenus.co.mz\/#organization\"},\"potentialAction\":[{\"@type\":\"SearchAction\",\"target\":{\"@type\":\"EntryPoint\",\"urlTemplate\":\"https:\/\/serenus.co.mz\/?s={search_term_string}\"},\"query-input\":\"required name=search_term_string\"}],\"inLanguage\":\"en-US\"},{\"@type\":\"Organization\",\"@id\":\"https:\/\/serenus.co.mz\/#organization\",\"name\":\"Serenus\",\"url\":\"https:\/\/serenus.co.mz\/\",\"logo\":{\"@type\":\"ImageObject\",\"inLanguage\":\"en-US\",\"@id\":\"https:\/\/serenus.co.mz\/#\/schema\/logo\/image\/\",\"url\":\"https:\/\/serenus.co.mz\/wp-content\/uploads\/2023\/04\/serenus-sobre-1.png\",\"contentUrl\":\"https:\/\/serenus.co.mz\/wp-content\/uploads\/2023\/04\/serenus-sobre-1.png\",\"width\":831,\"height\":319,\"caption\":\"Serenus\"},\"image\":{\"@id\":\"https:\/\/serenus.co.mz\/#\/schema\/logo\/image\/\"}}]}<\/script>\n<!-- \/ Yoast SEO plugin. -->","yoast_head_json":{"title":"seguranca-ao-comercio - Serenus","robots":{"index":"index","follow":"follow","max-snippet":"max-snippet:-1","max-image-preview":"max-image-preview:large","max-video-preview":"max-video-preview:-1"},"canonical":"https:\/\/serenus.co.mz\/en\/seguranca-ao-comercio\/","og_locale":"en_US","og_type":"article","og_title":"seguranca-ao-comercio - Serenus","og_description":"SERVI\u00c7OS DE SEGURAN\u00c7A AO COMERCIO DE RETALHO A Serenus oferece servi\u00e7os especializados de seguran\u00e7a a grandes \u00e1reas comerciais e lojas comerciais de venda a retalho. Os nossos agentes de seguran\u00e7a uniformizados ou trajados \u00e0 civil, garantem a seguran\u00e7a dos utentes e contribuem para a redu\u00e7\u00e3o da criminalidade nas \u00e1reas por n\u00f3s protegidas. As centrais de &hellip; seguranca-ao-comercio Read More &raquo;","og_url":"https:\/\/serenus.co.mz\/en\/seguranca-ao-comercio\/","og_site_name":"Serenus","article_modified_time":"2023-08-15T08:21:50+00:00","og_image":[{"url":"https:\/\/serenus.co.mz\/wp-content\/uploads\/2023\/05\/Picture5.png"}],"twitter_card":"summary_large_image","twitter_misc":{"Est. reading time":"2 minutes"},"schema":{"@context":"https:\/\/schema.org","@graph":[{"@type":"WebPage","@id":"https:\/\/serenus.co.mz\/seguranca-ao-comercio\/","url":"https:\/\/serenus.co.mz\/seguranca-ao-comercio\/","name":"seguranca-ao-comercio - Serenus","isPartOf":{"@id":"https:\/\/serenus.co.mz\/#website"},"datePublished":"2023-05-03T14:09:41+00:00","dateModified":"2023-08-15T08:21:50+00:00","breadcrumb":{"@id":"https:\/\/serenus.co.mz\/seguranca-ao-comercio\/#breadcrumb"},"inLanguage":"en-US","potentialAction":[{"@type":"ReadAction","target":["https:\/\/serenus.co.mz\/seguranca-ao-comercio\/"]}]},{"@type":"BreadcrumbList","@id":"https:\/\/serenus.co.mz\/seguranca-ao-comercio\/#breadcrumb","itemListElement":[{"@type":"ListItem","position":1,"name":"Home","item":"https:\/\/serenus.co.mz\/"},{"@type":"ListItem","position":2,"name":"seguranca-ao-comercio"}]},{"@type":"WebSite","@id":"https:\/\/serenus.co.mz\/#website","url":"https:\/\/serenus.co.mz\/","name":"Serenus","description":"Protec\u00e7\u00e3o e Seguran\u00e7a","publisher":{"@id":"https:\/\/serenus.co.mz\/#organization"},"potentialAction":[{"@type":"SearchAction","target":{"@type":"EntryPoint","urlTemplate":"https:\/\/serenus.co.mz\/?s={search_term_string}"},"query-input":"required name=search_term_string"}],"inLanguage":"en-US"},{"@type":"Organization","@id":"https:\/\/serenus.co.mz\/#organization","name":"Serenus","url":"https:\/\/serenus.co.mz\/","logo":{"@type":"ImageObject","inLanguage":"en-US","@id":"https:\/\/serenus.co.mz\/#\/schema\/logo\/image\/","url":"https:\/\/serenus.co.mz\/wp-content\/uploads\/2023\/04\/serenus-sobre-1.png","contentUrl":"https:\/\/serenus.co.mz\/wp-content\/uploads\/2023\/04\/serenus-sobre-1.png","width":831,"height":319,"caption":"Serenus"},"image":{"@id":"https:\/\/serenus.co.mz\/#\/schema\/logo\/image\/"}}]}},"_links":{"self":[{"href":"https:\/\/serenus.co.mz\/en\/wp-json\/wp\/v2\/pages\/234"}],"collection":[{"href":"https:\/\/serenus.co.mz\/en\/wp-json\/wp\/v2\/pages"}],"about":[{"href":"https:\/\/serenus.co.mz\/en\/wp-json\/wp\/v2\/types\/page"}],"author":[{"embeddable":true,"href":"https:\/\/serenus.co.mz\/en\/wp-json\/wp\/v2\/users\/2"}],"replies":[{"embeddable":true,"href":"https:\/\/serenus.co.mz\/en\/wp-json\/wp\/v2\/comments?post=234"}],"version-history":[{"count":7,"href":"https:\/\/serenus.co.mz\/en\/wp-json\/wp\/v2\/pages\/234\/revisions"}],"predecessor-version":[{"id":538,"href":"https:\/\/serenus.co.mz\/en\/wp-json\/wp\/v2\/pages\/234\/revisions\/538"}],"wp:attachment":[{"href":"https:\/\/serenus.co.mz\/en\/wp-json\/wp\/v2\/media?parent=234"}],"curies":[{"name":"wp","href":"https:\/\/api.w.org\/{rel}","templated":true}]}}