{"id":246,"date":"2023-05-03T14:14:57","date_gmt":"2023-05-03T14:14:57","guid":{"rendered":"https:\/\/serenus.co.mz\/?page_id=246"},"modified":"2023-08-15T08:26:32","modified_gmt":"2023-08-15T08:26:32","slug":"seguranca-portos","status":"publish","type":"page","link":"https:\/\/serenus.co.mz\/en\/seguranca-portos\/","title":{"rendered":"seguranca-portos"},"content":{"rendered":"<div data-elementor-type=\"wp-page\" data-elementor-id=\"246\" class=\"elementor elementor-246\" data-elementor-post-type=\"page\">\n\t\t\t\t\t\t\t\t\t<section class=\"elementor-section elementor-top-section elementor-element elementor-element-0c6576b elementor-section-boxed elementor-section-height-default elementor-section-height-default\" data-id=\"0c6576b\" data-element_type=\"section\">\n\t\t\t\t\t\t<div class=\"elementor-container elementor-column-gap-default\">\n\t\t\t\t\t<div class=\"elementor-column elementor-col-100 elementor-top-column elementor-element elementor-element-e0caf01\" data-id=\"e0caf01\" data-element_type=\"column\">\n\t\t\t<div class=\"elementor-widget-wrap elementor-element-populated\">\n\t\t\t\t\t\t\t\t<div class=\"elementor-element elementor-element-d9ec946 elementor-widget elementor-widget-spacer\" data-id=\"d9ec946\" data-element_type=\"widget\" data-widget_type=\"spacer.default\">\n\t\t\t\t<div class=\"elementor-widget-container\">\n\t\t\t<style>\/*! elementor - v3.17.0 - 08-11-2023 *\/\n.elementor-column .elementor-spacer-inner{height:var(--spacer-size)}.e-con{--container-widget-width:100%}.e-con-inner>.elementor-widget-spacer,.e-con>.elementor-widget-spacer{width:var(--container-widget-width,var(--spacer-size));--align-self:var(--container-widget-align-self,initial);--flex-shrink:0}.e-con-inner>.elementor-widget-spacer>.elementor-widget-container,.e-con>.elementor-widget-spacer>.elementor-widget-container{height:100%;width:100%}.e-con-inner>.elementor-widget-spacer>.elementor-widget-container>.elementor-spacer,.e-con>.elementor-widget-spacer>.elementor-widget-container>.elementor-spacer{height:100%}.e-con-inner>.elementor-widget-spacer>.elementor-widget-container>.elementor-spacer>.elementor-spacer-inner,.e-con>.elementor-widget-spacer>.elementor-widget-container>.elementor-spacer>.elementor-spacer-inner{height:var(--container-widget-height,var(--spacer-size))}.e-con-inner>.elementor-widget-spacer.elementor-widget-empty,.e-con>.elementor-widget-spacer.elementor-widget-empty{position:relative;min-height:22px;min-width:22px}.e-con-inner>.elementor-widget-spacer.elementor-widget-empty .elementor-widget-empty-icon,.e-con>.elementor-widget-spacer.elementor-widget-empty .elementor-widget-empty-icon{position:absolute;top:0;bottom:0;left:0;right:0;margin:auto;padding:0;width:22px;height:22px}<\/style>\t\t<div class=\"elementor-spacer\">\n\t\t\t<div class=\"elementor-spacer-inner\"><\/div>\n\t\t<\/div>\n\t\t\t\t<\/div>\n\t\t\t\t<\/div>\n\t\t\t\t<div class=\"elementor-element elementor-element-d8bea3c elementor-widget elementor-widget-heading\" data-id=\"d8bea3c\" data-element_type=\"widget\" data-widget_type=\"heading.default\">\n\t\t\t\t<div class=\"elementor-widget-container\">\n\t\t\t<style>\/*! elementor - v3.17.0 - 08-11-2023 *\/\n.elementor-heading-title{padding:0;margin:0;line-height:1}.elementor-widget-heading .elementor-heading-title[class*=elementor-size-]>a{color:inherit;font-size:inherit;line-height:inherit}.elementor-widget-heading .elementor-heading-title.elementor-size-small{font-size:15px}.elementor-widget-heading .elementor-heading-title.elementor-size-medium{font-size:19px}.elementor-widget-heading .elementor-heading-title.elementor-size-large{font-size:29px}.elementor-widget-heading .elementor-heading-title.elementor-size-xl{font-size:39px}.elementor-widget-heading .elementor-heading-title.elementor-size-xxl{font-size:59px}<\/style><h2 class=\"elementor-heading-title elementor-size-default\">PROVISION OF PORT SECURITY SERVICES - ISPS CODE<\/h2>\t\t<\/div>\n\t\t\t\t<\/div>\n\t\t\t\t\t<\/div>\n\t\t<\/div>\n\t\t\t\t\t\t\t<\/div>\n\t\t<\/section>\n\t\t\t\t<section class=\"elementor-section elementor-top-section elementor-element elementor-element-7a1f521 elementor-section-full_width elementor-section-height-default elementor-section-height-default\" data-id=\"7a1f521\" data-element_type=\"section\">\n\t\t\t\t\t\t<div class=\"elementor-container elementor-column-gap-default\">\n\t\t\t\t\t<div class=\"elementor-column elementor-col-100 elementor-top-column elementor-element elementor-element-1c54159\" data-id=\"1c54159\" data-element_type=\"column\">\n\t\t\t<div class=\"elementor-widget-wrap elementor-element-populated\">\n\t\t\t\t\t\t\t\t<div class=\"elementor-element elementor-element-9b61bbf elementor-widget elementor-widget-text-editor\" data-id=\"9b61bbf\" data-element_type=\"widget\" data-widget_type=\"text-editor.default\">\n\t\t\t\t<div class=\"elementor-widget-container\">\n\t\t\t<style>\/*! elementor - v3.17.0 - 08-11-2023 *\/\n.elementor-widget-text-editor.elementor-drop-cap-view-stacked .elementor-drop-cap{background-color:#69727d;color:#fff}.elementor-widget-text-editor.elementor-drop-cap-view-framed .elementor-drop-cap{color:#69727d;border:3px solid;background-color:transparent}.elementor-widget-text-editor:not(.elementor-drop-cap-view-default) .elementor-drop-cap{margin-top:8px}.elementor-widget-text-editor:not(.elementor-drop-cap-view-default) .elementor-drop-cap-letter{width:1em;height:1em}.elementor-widget-text-editor .elementor-drop-cap{float:left;text-align:center;line-height:1;font-size:50px}.elementor-widget-text-editor .elementor-drop-cap-letter{display:inline-block}<\/style>\t\t\t\t<p>The Serenus security operatives who are assigned to the protection of our clients' port facilities follow the maritime protection standard called ISPS Code.<\/p><p>All our operational staff undergo specialised training, and refresher training is often carried out on the job. All our positions are audited by senior members of the company.\u00a0<\/p>\t\t\t\t\t\t<\/div>\n\t\t\t\t<\/div>\n\t\t\t\t\t<\/div>\n\t\t<\/div>\n\t\t\t\t\t\t\t<\/div>\n\t\t<\/section>\n\t\t\t\t<section class=\"elementor-section elementor-top-section elementor-element elementor-element-9d18378 elementor-section-full_width elementor-section-height-default elementor-section-height-default\" data-id=\"9d18378\" data-element_type=\"section\">\n\t\t\t\t\t\t<div class=\"elementor-container elementor-column-gap-default\">\n\t\t\t\t\t<div class=\"elementor-column elementor-col-33 elementor-top-column elementor-element elementor-element-1f2c988\" data-id=\"1f2c988\" data-element_type=\"column\">\n\t\t\t<div class=\"elementor-widget-wrap elementor-element-populated\">\n\t\t\t\t\t\t\t\t<div class=\"elementor-element elementor-element-8b1e581 elementor-widget elementor-widget-image\" data-id=\"8b1e581\" data-element_type=\"widget\" data-widget_type=\"image.default\">\n\t\t\t\t<div class=\"elementor-widget-container\">\n\t\t\t<style>\/*! elementor - v3.17.0 - 08-11-2023 *\/\n.elementor-widget-image{text-align:center}.elementor-widget-image a{display:inline-block}.elementor-widget-image a img[src$=\".svg\"]{width:48px}.elementor-widget-image img{vertical-align:middle;display:inline-block}<\/style>\t\t\t\t\t\t\t\t\t\t\t\t<img decoding=\"async\" width=\"225\" height=\"256\" src=\"https:\/\/serenus.co.mz\/wp-content\/uploads\/2023\/05\/Picture9.png\" class=\"attachment-large size-large wp-image-248\" alt=\"\" loading=\"lazy\" srcset=\"https:\/\/serenus.co.mz\/wp-content\/uploads\/2023\/05\/Picture9.png 225w, https:\/\/serenus.co.mz\/wp-content\/uploads\/2023\/05\/Picture9-11x12.png 11w\" sizes=\"(max-width: 225px) 100vw, 225px\" \/>\t\t\t\t\t\t\t\t\t\t\t\t\t\t\t<\/div>\n\t\t\t\t<\/div>\n\t\t\t\t\t<\/div>\n\t\t<\/div>\n\t\t\t\t<div class=\"elementor-column elementor-col-33 elementor-top-column elementor-element elementor-element-6179c1e\" data-id=\"6179c1e\" data-element_type=\"column\">\n\t\t\t<div class=\"elementor-widget-wrap elementor-element-populated\">\n\t\t\t\t\t\t\t\t<div class=\"elementor-element elementor-element-55c69d7 elementor-widget elementor-widget-image\" data-id=\"55c69d7\" data-element_type=\"widget\" data-widget_type=\"image.default\">\n\t\t\t\t<div class=\"elementor-widget-container\">\n\t\t\t\t\t\t\t\t\t\t\t\t\t\t\t<img decoding=\"async\" width=\"417\" height=\"255\" src=\"https:\/\/serenus.co.mz\/wp-content\/uploads\/2023\/05\/Picture10.png\" class=\"attachment-large size-large wp-image-249\" alt=\"\" loading=\"lazy\" srcset=\"https:\/\/serenus.co.mz\/wp-content\/uploads\/2023\/05\/Picture10.png 417w, https:\/\/serenus.co.mz\/wp-content\/uploads\/2023\/05\/Picture10-300x183.png 300w, https:\/\/serenus.co.mz\/wp-content\/uploads\/2023\/05\/Picture10-18x12.png 18w\" sizes=\"(max-width: 417px) 100vw, 417px\" \/>\t\t\t\t\t\t\t\t\t\t\t\t\t\t\t<\/div>\n\t\t\t\t<\/div>\n\t\t\t\t\t<\/div>\n\t\t<\/div>\n\t\t\t\t<div class=\"elementor-column elementor-col-33 elementor-top-column elementor-element elementor-element-1c73185\" data-id=\"1c73185\" data-element_type=\"column\">\n\t\t\t<div class=\"elementor-widget-wrap elementor-element-populated\">\n\t\t\t\t\t\t\t\t<div class=\"elementor-element elementor-element-c6b0911 elementor-widget elementor-widget-image\" data-id=\"c6b0911\" data-element_type=\"widget\" data-widget_type=\"image.default\">\n\t\t\t\t<div class=\"elementor-widget-container\">\n\t\t\t\t\t\t\t\t\t\t\t\t\t\t\t<img decoding=\"async\" width=\"381\" height=\"256\" src=\"https:\/\/serenus.co.mz\/wp-content\/uploads\/2023\/05\/Picture11.png\" class=\"attachment-large size-large wp-image-250\" alt=\"\" loading=\"lazy\" srcset=\"https:\/\/serenus.co.mz\/wp-content\/uploads\/2023\/05\/Picture11.png 381w, https:\/\/serenus.co.mz\/wp-content\/uploads\/2023\/05\/Picture11-300x202.png 300w, https:\/\/serenus.co.mz\/wp-content\/uploads\/2023\/05\/Picture11-18x12.png 18w\" sizes=\"(max-width: 381px) 100vw, 381px\" \/>\t\t\t\t\t\t\t\t\t\t\t\t\t\t\t<\/div>\n\t\t\t\t<\/div>\n\t\t\t\t\t<\/div>\n\t\t<\/div>\n\t\t\t\t\t\t\t<\/div>\n\t\t<\/section>\n\t\t\t\t\t\t\t<\/div>","protected":false},"excerpt":{"rendered":"<p>PRESTA\u00c7\u00c3O DE SERVI\u00c7OS DE SEGURAN\u00c7A A PORTOS \u2013 ISPS CODE Os Operacionais de seguran\u00e7a da Serenus que se encontram alocados \u00e0 prote\u00e7\u00e3o de instala\u00e7\u00f5es portu\u00e1rias dos nossos clientes, seguem a norma de prote\u00e7\u00e3o mar\u00edtima denominada ISPS Code. Todo o nosso pessoal Operacional \u00e9 submetido a uma forma\u00e7\u00e3o especializada, sendo frequente executar-se forma\u00e7\u00e3o de reciclagem no &hellip;<\/p>\n<p class=\"read-more\"> <a class=\"\" href=\"https:\/\/serenus.co.mz\/en\/seguranca-portos\/\"> <span class=\"screen-reader-text\">seguranca-portos<\/span> Read More &raquo;<\/a><\/p>","protected":false},"author":2,"featured_media":0,"parent":0,"menu_order":0,"comment_status":"closed","ping_status":"closed","template":"","meta":{"om_disable_all_campaigns":false,"_mi_skip_tracking":false,"_monsterinsights_sitenote_active":false,"_monsterinsights_sitenote_note":"","_monsterinsights_sitenote_category":0,"site-sidebar-layout":"no-sidebar","site-content-layout":"page-builder","ast-site-content-layout":"","site-content-style":"default","site-sidebar-style":"default","ast-global-header-display":"","ast-banner-title-visibility":"","ast-main-header-display":"","ast-hfb-above-header-display":"","ast-hfb-below-header-display":"","ast-hfb-mobile-header-display":"","site-post-title":"disabled","ast-breadcrumbs-content":"","ast-featured-img":"disabled","footer-sml-layout":"","theme-transparent-header-meta":"","adv-header-id-meta":"","stick-header-meta":"","header-above-stick-meta":"","header-main-stick-meta":"","header-below-stick-meta":"","astra-migrate-meta-layouts":"","ast-page-background-enabled":"default","ast-page-background-meta":{"desktop":{"background-color":"var(--ast-global-color-4)","background-image":"","background-repeat":"repeat","background-position":"center center","background-size":"auto","background-attachment":"scroll","background-type":"","background-media":"","overlay-type":"","overlay-color":"","overlay-gradient":""},"tablet":{"background-color":"","background-image":"","background-repeat":"repeat","background-position":"center center","background-size":"auto","background-attachment":"scroll","background-type":"","background-media":"","overlay-type":"","overlay-color":"","overlay-gradient":""},"mobile":{"background-color":"","background-image":"","background-repeat":"repeat","background-position":"center center","background-size":"auto","background-attachment":"scroll","background-type":"","background-media":"","overlay-type":"","overlay-color":"","overlay-gradient":""}},"ast-content-background-meta":{"desktop":{"background-color":"var(--ast-global-color-5)","background-image":"","background-repeat":"repeat","background-position":"center center","background-size":"auto","background-attachment":"scroll","background-type":"","background-media":"","overlay-type":"","overlay-color":"","overlay-gradient":""},"tablet":{"background-color":"var(--ast-global-color-5)","background-image":"","background-repeat":"repeat","background-position":"center center","background-size":"auto","background-attachment":"scroll","background-type":"","background-media":"","overlay-type":"","overlay-color":"","overlay-gradient":""},"mobile":{"background-color":"var(--ast-global-color-5)","background-image":"","background-repeat":"repeat","background-position":"center center","background-size":"auto","background-attachment":"scroll","background-type":"","background-media":"","overlay-type":"","overlay-color":"","overlay-gradient":""}}},"yoast_head":"<!-- This site is optimized with the Yoast SEO plugin v21.5 - https:\/\/yoast.com\/wordpress\/plugins\/seo\/ -->\n<title>seguranca-portos - Serenus<\/title>\n<meta name=\"robots\" content=\"index, follow, max-snippet:-1, max-image-preview:large, max-video-preview:-1\" \/>\n<link rel=\"canonical\" href=\"https:\/\/serenus.co.mz\/en\/seguranca-portos\/\" \/>\n<meta property=\"og:locale\" content=\"en_US\" \/>\n<meta property=\"og:type\" content=\"article\" \/>\n<meta property=\"og:title\" content=\"seguranca-portos - Serenus\" \/>\n<meta property=\"og:description\" content=\"PRESTA\u00c7\u00c3O DE SERVI\u00c7OS DE SEGURAN\u00c7A A PORTOS \u2013 ISPS CODE Os Operacionais de seguran\u00e7a da Serenus que se encontram alocados \u00e0 prote\u00e7\u00e3o de instala\u00e7\u00f5es portu\u00e1rias dos nossos clientes, seguem a norma de prote\u00e7\u00e3o mar\u00edtima denominada ISPS Code. Todo o nosso pessoal Operacional \u00e9 submetido a uma forma\u00e7\u00e3o especializada, sendo frequente executar-se forma\u00e7\u00e3o de reciclagem no &hellip; seguranca-portos Read More &raquo;\" \/>\n<meta property=\"og:url\" content=\"https:\/\/serenus.co.mz\/en\/seguranca-portos\/\" \/>\n<meta property=\"og:site_name\" content=\"Serenus\" \/>\n<meta property=\"article:modified_time\" content=\"2023-08-15T08:26:32+00:00\" \/>\n<meta property=\"og:image\" content=\"https:\/\/serenus.co.mz\/wp-content\/uploads\/2023\/05\/Picture9.png\" \/>\n<meta name=\"twitter:card\" content=\"summary_large_image\" \/>\n<meta name=\"twitter:label1\" content=\"Est. reading time\" \/>\n\t<meta name=\"twitter:data1\" content=\"1 minute\" \/>\n<script type=\"application\/ld+json\" class=\"yoast-schema-graph\">{\"@context\":\"https:\/\/schema.org\",\"@graph\":[{\"@type\":\"WebPage\",\"@id\":\"https:\/\/serenus.co.mz\/seguranca-portos\/\",\"url\":\"https:\/\/serenus.co.mz\/seguranca-portos\/\",\"name\":\"seguranca-portos - Serenus\",\"isPartOf\":{\"@id\":\"https:\/\/serenus.co.mz\/#website\"},\"datePublished\":\"2023-05-03T14:14:57+00:00\",\"dateModified\":\"2023-08-15T08:26:32+00:00\",\"breadcrumb\":{\"@id\":\"https:\/\/serenus.co.mz\/seguranca-portos\/#breadcrumb\"},\"inLanguage\":\"en-US\",\"potentialAction\":[{\"@type\":\"ReadAction\",\"target\":[\"https:\/\/serenus.co.mz\/seguranca-portos\/\"]}]},{\"@type\":\"BreadcrumbList\",\"@id\":\"https:\/\/serenus.co.mz\/seguranca-portos\/#breadcrumb\",\"itemListElement\":[{\"@type\":\"ListItem\",\"position\":1,\"name\":\"Home\",\"item\":\"https:\/\/serenus.co.mz\/\"},{\"@type\":\"ListItem\",\"position\":2,\"name\":\"seguranca-portos\"}]},{\"@type\":\"WebSite\",\"@id\":\"https:\/\/serenus.co.mz\/#website\",\"url\":\"https:\/\/serenus.co.mz\/\",\"name\":\"Serenus\",\"description\":\"Protec\u00e7\u00e3o e Seguran\u00e7a\",\"publisher\":{\"@id\":\"https:\/\/serenus.co.mz\/#organization\"},\"potentialAction\":[{\"@type\":\"SearchAction\",\"target\":{\"@type\":\"EntryPoint\",\"urlTemplate\":\"https:\/\/serenus.co.mz\/?s={search_term_string}\"},\"query-input\":\"required name=search_term_string\"}],\"inLanguage\":\"en-US\"},{\"@type\":\"Organization\",\"@id\":\"https:\/\/serenus.co.mz\/#organization\",\"name\":\"Serenus\",\"url\":\"https:\/\/serenus.co.mz\/\",\"logo\":{\"@type\":\"ImageObject\",\"inLanguage\":\"en-US\",\"@id\":\"https:\/\/serenus.co.mz\/#\/schema\/logo\/image\/\",\"url\":\"https:\/\/serenus.co.mz\/wp-content\/uploads\/2023\/04\/serenus-sobre-1.png\",\"contentUrl\":\"https:\/\/serenus.co.mz\/wp-content\/uploads\/2023\/04\/serenus-sobre-1.png\",\"width\":831,\"height\":319,\"caption\":\"Serenus\"},\"image\":{\"@id\":\"https:\/\/serenus.co.mz\/#\/schema\/logo\/image\/\"}}]}<\/script>\n<!-- \/ Yoast SEO plugin. -->","yoast_head_json":{"title":"seguranca-portos - Serenus","robots":{"index":"index","follow":"follow","max-snippet":"max-snippet:-1","max-image-preview":"max-image-preview:large","max-video-preview":"max-video-preview:-1"},"canonical":"https:\/\/serenus.co.mz\/en\/seguranca-portos\/","og_locale":"en_US","og_type":"article","og_title":"seguranca-portos - Serenus","og_description":"PRESTA\u00c7\u00c3O DE SERVI\u00c7OS DE SEGURAN\u00c7A A PORTOS \u2013 ISPS CODE Os Operacionais de seguran\u00e7a da Serenus que se encontram alocados \u00e0 prote\u00e7\u00e3o de instala\u00e7\u00f5es portu\u00e1rias dos nossos clientes, seguem a norma de prote\u00e7\u00e3o mar\u00edtima denominada ISPS Code. Todo o nosso pessoal Operacional \u00e9 submetido a uma forma\u00e7\u00e3o especializada, sendo frequente executar-se forma\u00e7\u00e3o de reciclagem no &hellip; seguranca-portos Read More &raquo;","og_url":"https:\/\/serenus.co.mz\/en\/seguranca-portos\/","og_site_name":"Serenus","article_modified_time":"2023-08-15T08:26:32+00:00","og_image":[{"url":"https:\/\/serenus.co.mz\/wp-content\/uploads\/2023\/05\/Picture9.png"}],"twitter_card":"summary_large_image","twitter_misc":{"Est. reading time":"1 minute"},"schema":{"@context":"https:\/\/schema.org","@graph":[{"@type":"WebPage","@id":"https:\/\/serenus.co.mz\/seguranca-portos\/","url":"https:\/\/serenus.co.mz\/seguranca-portos\/","name":"seguranca-portos - Serenus","isPartOf":{"@id":"https:\/\/serenus.co.mz\/#website"},"datePublished":"2023-05-03T14:14:57+00:00","dateModified":"2023-08-15T08:26:32+00:00","breadcrumb":{"@id":"https:\/\/serenus.co.mz\/seguranca-portos\/#breadcrumb"},"inLanguage":"en-US","potentialAction":[{"@type":"ReadAction","target":["https:\/\/serenus.co.mz\/seguranca-portos\/"]}]},{"@type":"BreadcrumbList","@id":"https:\/\/serenus.co.mz\/seguranca-portos\/#breadcrumb","itemListElement":[{"@type":"ListItem","position":1,"name":"Home","item":"https:\/\/serenus.co.mz\/"},{"@type":"ListItem","position":2,"name":"seguranca-portos"}]},{"@type":"WebSite","@id":"https:\/\/serenus.co.mz\/#website","url":"https:\/\/serenus.co.mz\/","name":"Serenus","description":"Protec\u00e7\u00e3o e Seguran\u00e7a","publisher":{"@id":"https:\/\/serenus.co.mz\/#organization"},"potentialAction":[{"@type":"SearchAction","target":{"@type":"EntryPoint","urlTemplate":"https:\/\/serenus.co.mz\/?s={search_term_string}"},"query-input":"required name=search_term_string"}],"inLanguage":"en-US"},{"@type":"Organization","@id":"https:\/\/serenus.co.mz\/#organization","name":"Serenus","url":"https:\/\/serenus.co.mz\/","logo":{"@type":"ImageObject","inLanguage":"en-US","@id":"https:\/\/serenus.co.mz\/#\/schema\/logo\/image\/","url":"https:\/\/serenus.co.mz\/wp-content\/uploads\/2023\/04\/serenus-sobre-1.png","contentUrl":"https:\/\/serenus.co.mz\/wp-content\/uploads\/2023\/04\/serenus-sobre-1.png","width":831,"height":319,"caption":"Serenus"},"image":{"@id":"https:\/\/serenus.co.mz\/#\/schema\/logo\/image\/"}}]}},"_links":{"self":[{"href":"https:\/\/serenus.co.mz\/en\/wp-json\/wp\/v2\/pages\/246"}],"collection":[{"href":"https:\/\/serenus.co.mz\/en\/wp-json\/wp\/v2\/pages"}],"about":[{"href":"https:\/\/serenus.co.mz\/en\/wp-json\/wp\/v2\/types\/page"}],"author":[{"embeddable":true,"href":"https:\/\/serenus.co.mz\/en\/wp-json\/wp\/v2\/users\/2"}],"replies":[{"embeddable":true,"href":"https:\/\/serenus.co.mz\/en\/wp-json\/wp\/v2\/comments?post=246"}],"version-history":[{"count":7,"href":"https:\/\/serenus.co.mz\/en\/wp-json\/wp\/v2\/pages\/246\/revisions"}],"predecessor-version":[{"id":550,"href":"https:\/\/serenus.co.mz\/en\/wp-json\/wp\/v2\/pages\/246\/revisions\/550"}],"wp:attachment":[{"href":"https:\/\/serenus.co.mz\/en\/wp-json\/wp\/v2\/media?parent=246"}],"curies":[{"name":"wp","href":"https:\/\/api.w.org\/{rel}","templated":true}]}}