{"id":280,"date":"2023-05-03T14:27:06","date_gmt":"2023-05-03T14:27:06","guid":{"rendered":"https:\/\/serenus.co.mz\/?page_id=280"},"modified":"2023-08-15T08:28:52","modified_gmt":"2023-08-15T08:28:52","slug":"seguranca-transportes","status":"publish","type":"page","link":"https:\/\/serenus.co.mz\/en\/seguranca-transportes\/","title":{"rendered":"seguranca-transportes"},"content":{"rendered":"<div data-elementor-type=\"wp-page\" data-elementor-id=\"280\" class=\"elementor elementor-280\" data-elementor-post-type=\"page\">\n\t\t\t\t\t\t\t\t\t<section class=\"elementor-section elementor-top-section elementor-element elementor-element-9811884 elementor-section-boxed elementor-section-height-default elementor-section-height-default\" data-id=\"9811884\" data-element_type=\"section\">\n\t\t\t\t\t\t<div class=\"elementor-container elementor-column-gap-default\">\n\t\t\t\t\t<div class=\"elementor-column elementor-col-100 elementor-top-column elementor-element elementor-element-2d91a79\" data-id=\"2d91a79\" data-element_type=\"column\">\n\t\t\t<div class=\"elementor-widget-wrap elementor-element-populated\">\n\t\t\t\t\t\t\t\t<div class=\"elementor-element elementor-element-7a17e19 elementor-widget elementor-widget-spacer\" data-id=\"7a17e19\" data-element_type=\"widget\" data-widget_type=\"spacer.default\">\n\t\t\t\t<div class=\"elementor-widget-container\">\n\t\t\t<style>\/*! elementor - v3.17.0 - 08-11-2023 *\/\n.elementor-column .elementor-spacer-inner{height:var(--spacer-size)}.e-con{--container-widget-width:100%}.e-con-inner>.elementor-widget-spacer,.e-con>.elementor-widget-spacer{width:var(--container-widget-width,var(--spacer-size));--align-self:var(--container-widget-align-self,initial);--flex-shrink:0}.e-con-inner>.elementor-widget-spacer>.elementor-widget-container,.e-con>.elementor-widget-spacer>.elementor-widget-container{height:100%;width:100%}.e-con-inner>.elementor-widget-spacer>.elementor-widget-container>.elementor-spacer,.e-con>.elementor-widget-spacer>.elementor-widget-container>.elementor-spacer{height:100%}.e-con-inner>.elementor-widget-spacer>.elementor-widget-container>.elementor-spacer>.elementor-spacer-inner,.e-con>.elementor-widget-spacer>.elementor-widget-container>.elementor-spacer>.elementor-spacer-inner{height:var(--container-widget-height,var(--spacer-size))}.e-con-inner>.elementor-widget-spacer.elementor-widget-empty,.e-con>.elementor-widget-spacer.elementor-widget-empty{position:relative;min-height:22px;min-width:22px}.e-con-inner>.elementor-widget-spacer.elementor-widget-empty .elementor-widget-empty-icon,.e-con>.elementor-widget-spacer.elementor-widget-empty .elementor-widget-empty-icon{position:absolute;top:0;bottom:0;left:0;right:0;margin:auto;padding:0;width:22px;height:22px}<\/style>\t\t<div class=\"elementor-spacer\">\n\t\t\t<div class=\"elementor-spacer-inner\"><\/div>\n\t\t<\/div>\n\t\t\t\t<\/div>\n\t\t\t\t<\/div>\n\t\t\t\t<div class=\"elementor-element elementor-element-d878391 elementor-widget elementor-widget-heading\" data-id=\"d878391\" data-element_type=\"widget\" data-widget_type=\"heading.default\">\n\t\t\t\t<div class=\"elementor-widget-container\">\n\t\t\t<style>\/*! elementor - v3.17.0 - 08-11-2023 *\/\n.elementor-heading-title{padding:0;margin:0;line-height:1}.elementor-widget-heading .elementor-heading-title[class*=elementor-size-]>a{color:inherit;font-size:inherit;line-height:inherit}.elementor-widget-heading .elementor-heading-title.elementor-size-small{font-size:15px}.elementor-widget-heading .elementor-heading-title.elementor-size-medium{font-size:19px}.elementor-widget-heading .elementor-heading-title.elementor-size-large{font-size:29px}.elementor-widget-heading .elementor-heading-title.elementor-size-xl{font-size:39px}.elementor-widget-heading .elementor-heading-title.elementor-size-xxl{font-size:59px}<\/style><h2 class=\"elementor-heading-title elementor-size-default\">SECURITY SERVICES TO THE TRANSPORT SECTOR<\/h2>\t\t<\/div>\n\t\t\t\t<\/div>\n\t\t\t\t\t<\/div>\n\t\t<\/div>\n\t\t\t\t\t\t\t<\/div>\n\t\t<\/section>\n\t\t\t\t<section class=\"elementor-section elementor-top-section elementor-element elementor-element-518c40f elementor-section-full_width elementor-section-height-default elementor-section-height-default\" data-id=\"518c40f\" data-element_type=\"section\">\n\t\t\t\t\t\t<div class=\"elementor-container elementor-column-gap-default\">\n\t\t\t\t\t<div class=\"elementor-column elementor-col-100 elementor-top-column elementor-element elementor-element-bffaf03\" data-id=\"bffaf03\" data-element_type=\"column\">\n\t\t\t<div class=\"elementor-widget-wrap elementor-element-populated\">\n\t\t\t\t\t\t\t\t<div class=\"elementor-element elementor-element-89d7e2c elementor-widget elementor-widget-text-editor\" data-id=\"89d7e2c\" data-element_type=\"widget\" data-widget_type=\"text-editor.default\">\n\t\t\t\t<div class=\"elementor-widget-container\">\n\t\t\t<style>\/*! elementor - v3.17.0 - 08-11-2023 *\/\n.elementor-widget-text-editor.elementor-drop-cap-view-stacked .elementor-drop-cap{background-color:#69727d;color:#fff}.elementor-widget-text-editor.elementor-drop-cap-view-framed .elementor-drop-cap{color:#69727d;border:3px solid;background-color:transparent}.elementor-widget-text-editor:not(.elementor-drop-cap-view-default) .elementor-drop-cap{margin-top:8px}.elementor-widget-text-editor:not(.elementor-drop-cap-view-default) .elementor-drop-cap-letter{width:1em;height:1em}.elementor-widget-text-editor .elementor-drop-cap{float:left;text-align:center;line-height:1;font-size:50px}.elementor-widget-text-editor .elementor-drop-cap-letter{display:inline-block}<\/style>\t\t\t\t<p>The transport sector relies on over 10 years' hands-on experience from the Serenus senior management team. We offer fleet monitoring services, control of heavy equipment car parks, provide drivers accredited in defensive driving and HSE, manage rail incident response teams, manage railway line crossings, protect railway line data management assets, provide specialist operators to manage central management of transport equipment, whether at land or sea level.<\/p><p>We have risk awareness teams to engage with community populations living in areas bordering railways and high-traffic roads to educate these communities about the risks inherent in the infrastructure present.<\/p>\t\t\t\t\t\t<\/div>\n\t\t\t\t<\/div>\n\t\t\t\t\t<\/div>\n\t\t<\/div>\n\t\t\t\t\t\t\t<\/div>\n\t\t<\/section>\n\t\t\t\t<section class=\"elementor-section elementor-top-section elementor-element elementor-element-f7b4a37 elementor-section-full_width elementor-section-height-default elementor-section-height-default\" data-id=\"f7b4a37\" data-element_type=\"section\">\n\t\t\t\t\t\t<div class=\"elementor-container elementor-column-gap-default\">\n\t\t\t\t\t<div class=\"elementor-column elementor-col-25 elementor-top-column elementor-element elementor-element-1107304\" data-id=\"1107304\" data-element_type=\"column\">\n\t\t\t<div class=\"elementor-widget-wrap elementor-element-populated\">\n\t\t\t\t\t\t\t\t<div class=\"elementor-element elementor-element-8d43b0d elementor-widget elementor-widget-image\" data-id=\"8d43b0d\" data-element_type=\"widget\" data-widget_type=\"image.default\">\n\t\t\t\t<div class=\"elementor-widget-container\">\n\t\t\t<style>\/*! elementor - v3.17.0 - 08-11-2023 *\/\n.elementor-widget-image{text-align:center}.elementor-widget-image a{display:inline-block}.elementor-widget-image a img[src$=\".svg\"]{width:48px}.elementor-widget-image img{vertical-align:middle;display:inline-block}<\/style>\t\t\t\t\t\t\t\t\t\t\t\t<img decoding=\"async\" width=\"328\" height=\"208\" src=\"https:\/\/serenus.co.mz\/wp-content\/uploads\/2023\/05\/Picture19.png\" class=\"attachment-large size-large wp-image-282\" alt=\"\" loading=\"lazy\" srcset=\"https:\/\/serenus.co.mz\/wp-content\/uploads\/2023\/05\/Picture19.png 328w, https:\/\/serenus.co.mz\/wp-content\/uploads\/2023\/05\/Picture19-300x190.png 300w, https:\/\/serenus.co.mz\/wp-content\/uploads\/2023\/05\/Picture19-18x12.png 18w\" sizes=\"(max-width: 328px) 100vw, 328px\" \/>\t\t\t\t\t\t\t\t\t\t\t\t\t\t\t<\/div>\n\t\t\t\t<\/div>\n\t\t\t\t\t<\/div>\n\t\t<\/div>\n\t\t\t\t<div class=\"elementor-column elementor-col-25 elementor-top-column elementor-element elementor-element-6a3d69e\" data-id=\"6a3d69e\" data-element_type=\"column\">\n\t\t\t<div class=\"elementor-widget-wrap elementor-element-populated\">\n\t\t\t\t\t\t\t\t<div class=\"elementor-element elementor-element-0da257d elementor-widget elementor-widget-image\" data-id=\"0da257d\" data-element_type=\"widget\" data-widget_type=\"image.default\">\n\t\t\t\t<div class=\"elementor-widget-container\">\n\t\t\t\t\t\t\t\t\t\t\t\t\t\t\t<img decoding=\"async\" width=\"261\" height=\"168\" src=\"https:\/\/serenus.co.mz\/wp-content\/uploads\/2023\/05\/Picture20.png\" class=\"attachment-large size-large wp-image-283\" alt=\"\" loading=\"lazy\" srcset=\"https:\/\/serenus.co.mz\/wp-content\/uploads\/2023\/05\/Picture20.png 261w, https:\/\/serenus.co.mz\/wp-content\/uploads\/2023\/05\/Picture20-18x12.png 18w\" sizes=\"(max-width: 261px) 100vw, 261px\" \/>\t\t\t\t\t\t\t\t\t\t\t\t\t\t\t<\/div>\n\t\t\t\t<\/div>\n\t\t\t\t\t<\/div>\n\t\t<\/div>\n\t\t\t\t<div class=\"elementor-column elementor-col-25 elementor-top-column elementor-element elementor-element-4e85a05\" data-id=\"4e85a05\" data-element_type=\"column\">\n\t\t\t<div class=\"elementor-widget-wrap elementor-element-populated\">\n\t\t\t\t\t\t\t\t<div class=\"elementor-element elementor-element-cb4e731 elementor-widget elementor-widget-image\" data-id=\"cb4e731\" data-element_type=\"widget\" data-widget_type=\"image.default\">\n\t\t\t\t<div class=\"elementor-widget-container\">\n\t\t\t\t\t\t\t\t\t\t\t\t\t\t\t<img decoding=\"async\" width=\"369\" height=\"206\" src=\"https:\/\/serenus.co.mz\/wp-content\/uploads\/2023\/05\/Picture21.png\" class=\"attachment-large size-large wp-image-284\" alt=\"\" loading=\"lazy\" srcset=\"https:\/\/serenus.co.mz\/wp-content\/uploads\/2023\/05\/Picture21.png 369w, https:\/\/serenus.co.mz\/wp-content\/uploads\/2023\/05\/Picture21-300x167.png 300w, https:\/\/serenus.co.mz\/wp-content\/uploads\/2023\/05\/Picture21-18x10.png 18w\" sizes=\"(max-width: 369px) 100vw, 369px\" \/>\t\t\t\t\t\t\t\t\t\t\t\t\t\t\t<\/div>\n\t\t\t\t<\/div>\n\t\t\t\t\t<\/div>\n\t\t<\/div>\n\t\t\t\t<div class=\"elementor-column elementor-col-25 elementor-top-column elementor-element elementor-element-99d2f23\" data-id=\"99d2f23\" data-element_type=\"column\">\n\t\t\t<div class=\"elementor-widget-wrap elementor-element-populated\">\n\t\t\t\t\t\t\t\t<div class=\"elementor-element elementor-element-1430208 elementor-widget elementor-widget-image\" data-id=\"1430208\" data-element_type=\"widget\" data-widget_type=\"image.default\">\n\t\t\t\t<div class=\"elementor-widget-container\">\n\t\t\t\t\t\t\t\t\t\t\t\t\t\t\t<img decoding=\"async\" width=\"154\" height=\"114\" src=\"https:\/\/serenus.co.mz\/wp-content\/uploads\/2023\/05\/Picture22.png\" class=\"attachment-large size-large wp-image-285\" alt=\"\" loading=\"lazy\" srcset=\"https:\/\/serenus.co.mz\/wp-content\/uploads\/2023\/05\/Picture22.png 154w, https:\/\/serenus.co.mz\/wp-content\/uploads\/2023\/05\/Picture22-16x12.png 16w\" sizes=\"(max-width: 154px) 100vw, 154px\" \/>\t\t\t\t\t\t\t\t\t\t\t\t\t\t\t<\/div>\n\t\t\t\t<\/div>\n\t\t\t\t\t<\/div>\n\t\t<\/div>\n\t\t\t\t\t\t\t<\/div>\n\t\t<\/section>\n\t\t\t\t\t\t\t<\/div>","protected":false},"excerpt":{"rendered":"<p>SERVI\u00c7OS DE SEGURAN\u00c7A AO SECTOR DE TRANSPORTES O sector de transportes conta com a experi\u00eancia pr\u00e1tica de mais de 10 anos da equipe de gest\u00e3o s\u00e9nior da Serenus. Oferecemos servi\u00e7os de monitoriza\u00e7\u00e3o de frotas, controlo de parques de estacionamento de equipamentos pesados, providenciamos motoristas credenciados em condu\u00e7\u00e3o defensiva e HSE, gerimos equipes de resposta a &hellip;<\/p>\n<p class=\"read-more\"> <a class=\"\" href=\"https:\/\/serenus.co.mz\/en\/seguranca-transportes\/\"> <span class=\"screen-reader-text\">seguranca-transportes<\/span> Read More &raquo;<\/a><\/p>","protected":false},"author":2,"featured_media":0,"parent":0,"menu_order":0,"comment_status":"closed","ping_status":"closed","template":"","meta":{"om_disable_all_campaigns":false,"_mi_skip_tracking":false,"_monsterinsights_sitenote_active":false,"_monsterinsights_sitenote_note":"","_monsterinsights_sitenote_category":0,"site-sidebar-layout":"no-sidebar","site-content-layout":"page-builder","ast-site-content-layout":"","site-content-style":"default","site-sidebar-style":"default","ast-global-header-display":"","ast-banner-title-visibility":"","ast-main-header-display":"","ast-hfb-above-header-display":"","ast-hfb-below-header-display":"","ast-hfb-mobile-header-display":"","site-post-title":"disabled","ast-breadcrumbs-content":"","ast-featured-img":"disabled","footer-sml-layout":"","theme-transparent-header-meta":"","adv-header-id-meta":"","stick-header-meta":"","header-above-stick-meta":"","header-main-stick-meta":"","header-below-stick-meta":"","astra-migrate-meta-layouts":"","ast-page-background-enabled":"default","ast-page-background-meta":{"desktop":{"background-color":"var(--ast-global-color-4)","background-image":"","background-repeat":"repeat","background-position":"center center","background-size":"auto","background-attachment":"scroll","background-type":"","background-media":"","overlay-type":"","overlay-color":"","overlay-gradient":""},"tablet":{"background-color":"","background-image":"","background-repeat":"repeat","background-position":"center center","background-size":"auto","background-attachment":"scroll","background-type":"","background-media":"","overlay-type":"","overlay-color":"","overlay-gradient":""},"mobile":{"background-color":"","background-image":"","background-repeat":"repeat","background-position":"center center","background-size":"auto","background-attachment":"scroll","background-type":"","background-media":"","overlay-type":"","overlay-color":"","overlay-gradient":""}},"ast-content-background-meta":{"desktop":{"background-color":"var(--ast-global-color-5)","background-image":"","background-repeat":"repeat","background-position":"center center","background-size":"auto","background-attachment":"scroll","background-type":"","background-media":"","overlay-type":"","overlay-color":"","overlay-gradient":""},"tablet":{"background-color":"var(--ast-global-color-5)","background-image":"","background-repeat":"repeat","background-position":"center center","background-size":"auto","background-attachment":"scroll","background-type":"","background-media":"","overlay-type":"","overlay-color":"","overlay-gradient":""},"mobile":{"background-color":"var(--ast-global-color-5)","background-image":"","background-repeat":"repeat","background-position":"center center","background-size":"auto","background-attachment":"scroll","background-type":"","background-media":"","overlay-type":"","overlay-color":"","overlay-gradient":""}}},"yoast_head":"<!-- This site is optimized with the Yoast SEO plugin v21.5 - https:\/\/yoast.com\/wordpress\/plugins\/seo\/ -->\n<title>seguranca-transportes - Serenus<\/title>\n<meta name=\"robots\" content=\"index, follow, max-snippet:-1, max-image-preview:large, max-video-preview:-1\" \/>\n<link rel=\"canonical\" href=\"https:\/\/serenus.co.mz\/en\/seguranca-transportes\/\" \/>\n<meta property=\"og:locale\" content=\"en_US\" \/>\n<meta property=\"og:type\" content=\"article\" \/>\n<meta property=\"og:title\" content=\"seguranca-transportes - Serenus\" \/>\n<meta property=\"og:description\" content=\"SERVI\u00c7OS DE SEGURAN\u00c7A AO SECTOR DE TRANSPORTES O sector de transportes conta com a experi\u00eancia pr\u00e1tica de mais de 10 anos da equipe de gest\u00e3o s\u00e9nior da Serenus. Oferecemos servi\u00e7os de monitoriza\u00e7\u00e3o de frotas, controlo de parques de estacionamento de equipamentos pesados, providenciamos motoristas credenciados em condu\u00e7\u00e3o defensiva e HSE, gerimos equipes de resposta a &hellip; seguranca-transportes Read More &raquo;\" \/>\n<meta property=\"og:url\" content=\"https:\/\/serenus.co.mz\/en\/seguranca-transportes\/\" \/>\n<meta property=\"og:site_name\" content=\"Serenus\" \/>\n<meta property=\"article:modified_time\" content=\"2023-08-15T08:28:52+00:00\" \/>\n<meta property=\"og:image\" content=\"https:\/\/serenus.co.mz\/wp-content\/uploads\/2023\/05\/Picture19.png\" \/>\n<meta name=\"twitter:card\" content=\"summary_large_image\" \/>\n<meta name=\"twitter:label1\" content=\"Est. reading time\" \/>\n\t<meta name=\"twitter:data1\" content=\"2 minutes\" \/>\n<script type=\"application\/ld+json\" class=\"yoast-schema-graph\">{\"@context\":\"https:\/\/schema.org\",\"@graph\":[{\"@type\":\"WebPage\",\"@id\":\"https:\/\/serenus.co.mz\/seguranca-transportes\/\",\"url\":\"https:\/\/serenus.co.mz\/seguranca-transportes\/\",\"name\":\"seguranca-transportes - Serenus\",\"isPartOf\":{\"@id\":\"https:\/\/serenus.co.mz\/#website\"},\"datePublished\":\"2023-05-03T14:27:06+00:00\",\"dateModified\":\"2023-08-15T08:28:52+00:00\",\"breadcrumb\":{\"@id\":\"https:\/\/serenus.co.mz\/seguranca-transportes\/#breadcrumb\"},\"inLanguage\":\"en-US\",\"potentialAction\":[{\"@type\":\"ReadAction\",\"target\":[\"https:\/\/serenus.co.mz\/seguranca-transportes\/\"]}]},{\"@type\":\"BreadcrumbList\",\"@id\":\"https:\/\/serenus.co.mz\/seguranca-transportes\/#breadcrumb\",\"itemListElement\":[{\"@type\":\"ListItem\",\"position\":1,\"name\":\"Home\",\"item\":\"https:\/\/serenus.co.mz\/\"},{\"@type\":\"ListItem\",\"position\":2,\"name\":\"seguranca-transportes\"}]},{\"@type\":\"WebSite\",\"@id\":\"https:\/\/serenus.co.mz\/#website\",\"url\":\"https:\/\/serenus.co.mz\/\",\"name\":\"Serenus\",\"description\":\"Protec\u00e7\u00e3o e Seguran\u00e7a\",\"publisher\":{\"@id\":\"https:\/\/serenus.co.mz\/#organization\"},\"potentialAction\":[{\"@type\":\"SearchAction\",\"target\":{\"@type\":\"EntryPoint\",\"urlTemplate\":\"https:\/\/serenus.co.mz\/?s={search_term_string}\"},\"query-input\":\"required name=search_term_string\"}],\"inLanguage\":\"en-US\"},{\"@type\":\"Organization\",\"@id\":\"https:\/\/serenus.co.mz\/#organization\",\"name\":\"Serenus\",\"url\":\"https:\/\/serenus.co.mz\/\",\"logo\":{\"@type\":\"ImageObject\",\"inLanguage\":\"en-US\",\"@id\":\"https:\/\/serenus.co.mz\/#\/schema\/logo\/image\/\",\"url\":\"https:\/\/serenus.co.mz\/wp-content\/uploads\/2023\/04\/serenus-sobre-1.png\",\"contentUrl\":\"https:\/\/serenus.co.mz\/wp-content\/uploads\/2023\/04\/serenus-sobre-1.png\",\"width\":831,\"height\":319,\"caption\":\"Serenus\"},\"image\":{\"@id\":\"https:\/\/serenus.co.mz\/#\/schema\/logo\/image\/\"}}]}<\/script>\n<!-- \/ Yoast SEO plugin. -->","yoast_head_json":{"title":"seguranca-transportes - Serenus","robots":{"index":"index","follow":"follow","max-snippet":"max-snippet:-1","max-image-preview":"max-image-preview:large","max-video-preview":"max-video-preview:-1"},"canonical":"https:\/\/serenus.co.mz\/en\/seguranca-transportes\/","og_locale":"en_US","og_type":"article","og_title":"seguranca-transportes - Serenus","og_description":"SERVI\u00c7OS DE SEGURAN\u00c7A AO SECTOR DE TRANSPORTES O sector de transportes conta com a experi\u00eancia pr\u00e1tica de mais de 10 anos da equipe de gest\u00e3o s\u00e9nior da Serenus. Oferecemos servi\u00e7os de monitoriza\u00e7\u00e3o de frotas, controlo de parques de estacionamento de equipamentos pesados, providenciamos motoristas credenciados em condu\u00e7\u00e3o defensiva e HSE, gerimos equipes de resposta a &hellip; seguranca-transportes Read More &raquo;","og_url":"https:\/\/serenus.co.mz\/en\/seguranca-transportes\/","og_site_name":"Serenus","article_modified_time":"2023-08-15T08:28:52+00:00","og_image":[{"url":"https:\/\/serenus.co.mz\/wp-content\/uploads\/2023\/05\/Picture19.png"}],"twitter_card":"summary_large_image","twitter_misc":{"Est. reading time":"2 minutes"},"schema":{"@context":"https:\/\/schema.org","@graph":[{"@type":"WebPage","@id":"https:\/\/serenus.co.mz\/seguranca-transportes\/","url":"https:\/\/serenus.co.mz\/seguranca-transportes\/","name":"seguranca-transportes - Serenus","isPartOf":{"@id":"https:\/\/serenus.co.mz\/#website"},"datePublished":"2023-05-03T14:27:06+00:00","dateModified":"2023-08-15T08:28:52+00:00","breadcrumb":{"@id":"https:\/\/serenus.co.mz\/seguranca-transportes\/#breadcrumb"},"inLanguage":"en-US","potentialAction":[{"@type":"ReadAction","target":["https:\/\/serenus.co.mz\/seguranca-transportes\/"]}]},{"@type":"BreadcrumbList","@id":"https:\/\/serenus.co.mz\/seguranca-transportes\/#breadcrumb","itemListElement":[{"@type":"ListItem","position":1,"name":"Home","item":"https:\/\/serenus.co.mz\/"},{"@type":"ListItem","position":2,"name":"seguranca-transportes"}]},{"@type":"WebSite","@id":"https:\/\/serenus.co.mz\/#website","url":"https:\/\/serenus.co.mz\/","name":"Serenus","description":"Protec\u00e7\u00e3o e Seguran\u00e7a","publisher":{"@id":"https:\/\/serenus.co.mz\/#organization"},"potentialAction":[{"@type":"SearchAction","target":{"@type":"EntryPoint","urlTemplate":"https:\/\/serenus.co.mz\/?s={search_term_string}"},"query-input":"required name=search_term_string"}],"inLanguage":"en-US"},{"@type":"Organization","@id":"https:\/\/serenus.co.mz\/#organization","name":"Serenus","url":"https:\/\/serenus.co.mz\/","logo":{"@type":"ImageObject","inLanguage":"en-US","@id":"https:\/\/serenus.co.mz\/#\/schema\/logo\/image\/","url":"https:\/\/serenus.co.mz\/wp-content\/uploads\/2023\/04\/serenus-sobre-1.png","contentUrl":"https:\/\/serenus.co.mz\/wp-content\/uploads\/2023\/04\/serenus-sobre-1.png","width":831,"height":319,"caption":"Serenus"},"image":{"@id":"https:\/\/serenus.co.mz\/#\/schema\/logo\/image\/"}}]}},"_links":{"self":[{"href":"https:\/\/serenus.co.mz\/en\/wp-json\/wp\/v2\/pages\/280"}],"collection":[{"href":"https:\/\/serenus.co.mz\/en\/wp-json\/wp\/v2\/pages"}],"about":[{"href":"https:\/\/serenus.co.mz\/en\/wp-json\/wp\/v2\/types\/page"}],"author":[{"embeddable":true,"href":"https:\/\/serenus.co.mz\/en\/wp-json\/wp\/v2\/users\/2"}],"replies":[{"embeddable":true,"href":"https:\/\/serenus.co.mz\/en\/wp-json\/wp\/v2\/comments?post=280"}],"version-history":[{"count":7,"href":"https:\/\/serenus.co.mz\/en\/wp-json\/wp\/v2\/pages\/280\/revisions"}],"predecessor-version":[{"id":553,"href":"https:\/\/serenus.co.mz\/en\/wp-json\/wp\/v2\/pages\/280\/revisions\/553"}],"wp:attachment":[{"href":"https:\/\/serenus.co.mz\/en\/wp-json\/wp\/v2\/media?parent=280"}],"curies":[{"name":"wp","href":"https:\/\/api.w.org\/{rel}","templated":true}]}}