{"id":295,"date":"2023-05-05T08:53:35","date_gmt":"2023-05-05T08:53:35","guid":{"rendered":"https:\/\/serenus.co.mz\/?page_id=295"},"modified":"2023-08-15T08:18:28","modified_gmt":"2023-08-15T08:18:28","slug":"gestao-de-centrais","status":"publish","type":"page","link":"https:\/\/serenus.co.mz\/en\/gestao-de-centrais\/","title":{"rendered":"gestao-de-centrais"},"content":{"rendered":"<div data-elementor-type=\"wp-page\" data-elementor-id=\"295\" class=\"elementor elementor-295\" data-elementor-post-type=\"page\">\n\t\t\t\t\t\t\t\t\t<section class=\"elementor-section elementor-top-section elementor-element elementor-element-5565c74 elementor-section-boxed elementor-section-height-default elementor-section-height-default\" data-id=\"5565c74\" data-element_type=\"section\">\n\t\t\t\t\t\t<div class=\"elementor-container elementor-column-gap-default\">\n\t\t\t\t\t<div class=\"elementor-column elementor-col-100 elementor-top-column elementor-element elementor-element-f8d0d4f\" data-id=\"f8d0d4f\" data-element_type=\"column\">\n\t\t\t<div class=\"elementor-widget-wrap elementor-element-populated\">\n\t\t\t\t\t\t\t\t<div class=\"elementor-element elementor-element-275d831 elementor-widget elementor-widget-spacer\" data-id=\"275d831\" data-element_type=\"widget\" data-widget_type=\"spacer.default\">\n\t\t\t\t<div class=\"elementor-widget-container\">\n\t\t\t<style>\/*! elementor - v3.17.0 - 08-11-2023 *\/\n.elementor-column .elementor-spacer-inner{height:var(--spacer-size)}.e-con{--container-widget-width:100%}.e-con-inner>.elementor-widget-spacer,.e-con>.elementor-widget-spacer{width:var(--container-widget-width,var(--spacer-size));--align-self:var(--container-widget-align-self,initial);--flex-shrink:0}.e-con-inner>.elementor-widget-spacer>.elementor-widget-container,.e-con>.elementor-widget-spacer>.elementor-widget-container{height:100%;width:100%}.e-con-inner>.elementor-widget-spacer>.elementor-widget-container>.elementor-spacer,.e-con>.elementor-widget-spacer>.elementor-widget-container>.elementor-spacer{height:100%}.e-con-inner>.elementor-widget-spacer>.elementor-widget-container>.elementor-spacer>.elementor-spacer-inner,.e-con>.elementor-widget-spacer>.elementor-widget-container>.elementor-spacer>.elementor-spacer-inner{height:var(--container-widget-height,var(--spacer-size))}.e-con-inner>.elementor-widget-spacer.elementor-widget-empty,.e-con>.elementor-widget-spacer.elementor-widget-empty{position:relative;min-height:22px;min-width:22px}.e-con-inner>.elementor-widget-spacer.elementor-widget-empty .elementor-widget-empty-icon,.e-con>.elementor-widget-spacer.elementor-widget-empty .elementor-widget-empty-icon{position:absolute;top:0;bottom:0;left:0;right:0;margin:auto;padding:0;width:22px;height:22px}<\/style>\t\t<div class=\"elementor-spacer\">\n\t\t\t<div class=\"elementor-spacer-inner\"><\/div>\n\t\t<\/div>\n\t\t\t\t<\/div>\n\t\t\t\t<\/div>\n\t\t\t\t<div class=\"elementor-element elementor-element-8e0740a elementor-widget elementor-widget-heading\" data-id=\"8e0740a\" data-element_type=\"widget\" data-widget_type=\"heading.default\">\n\t\t\t\t<div class=\"elementor-widget-container\">\n\t\t\t<style>\/*! elementor - v3.17.0 - 08-11-2023 *\/\n.elementor-heading-title{padding:0;margin:0;line-height:1}.elementor-widget-heading .elementor-heading-title[class*=elementor-size-]>a{color:inherit;font-size:inherit;line-height:inherit}.elementor-widget-heading .elementor-heading-title.elementor-size-small{font-size:15px}.elementor-widget-heading .elementor-heading-title.elementor-size-medium{font-size:19px}.elementor-widget-heading .elementor-heading-title.elementor-size-large{font-size:29px}.elementor-widget-heading .elementor-heading-title.elementor-size-xl{font-size:39px}.elementor-widget-heading .elementor-heading-title.elementor-size-xxl{font-size:59px}<\/style><h2 class=\"elementor-heading-title elementor-size-default\">MANAGEMENT OF MONITORING AND SECURITY CENTRES<\/h2>\t\t<\/div>\n\t\t\t\t<\/div>\n\t\t\t\t\t<\/div>\n\t\t<\/div>\n\t\t\t\t\t\t\t<\/div>\n\t\t<\/section>\n\t\t\t\t<section class=\"elementor-section elementor-top-section elementor-element elementor-element-a058c6e elementor-section-full_width elementor-section-height-default elementor-section-height-default\" data-id=\"a058c6e\" data-element_type=\"section\">\n\t\t\t\t\t\t<div class=\"elementor-container elementor-column-gap-default\">\n\t\t\t\t\t<div class=\"elementor-column elementor-col-100 elementor-top-column elementor-element elementor-element-6262d33\" data-id=\"6262d33\" data-element_type=\"column\">\n\t\t\t<div class=\"elementor-widget-wrap elementor-element-populated\">\n\t\t\t\t\t\t\t\t<div class=\"elementor-element elementor-element-719c5d6 elementor-widget elementor-widget-text-editor\" data-id=\"719c5d6\" data-element_type=\"widget\" data-widget_type=\"text-editor.default\">\n\t\t\t\t<div class=\"elementor-widget-container\">\n\t\t\t<style>\/*! elementor - v3.17.0 - 08-11-2023 *\/\n.elementor-widget-text-editor.elementor-drop-cap-view-stacked .elementor-drop-cap{background-color:#69727d;color:#fff}.elementor-widget-text-editor.elementor-drop-cap-view-framed .elementor-drop-cap{color:#69727d;border:3px solid;background-color:transparent}.elementor-widget-text-editor:not(.elementor-drop-cap-view-default) .elementor-drop-cap{margin-top:8px}.elementor-widget-text-editor:not(.elementor-drop-cap-view-default) .elementor-drop-cap-letter{width:1em;height:1em}.elementor-widget-text-editor .elementor-drop-cap{float:left;text-align:center;line-height:1;font-size:50px}.elementor-widget-text-editor .elementor-drop-cap-letter{display:inline-block}<\/style>\t\t\t\t<p>Our remote CCTV monitoring service complements the range of security services we offer our customers. The offsite monitoring by Serenus establishes a new level of complementarity because we use equipment of recognised quality that is carefully installed at strategic points. This complementarity of services contributes to obtaining the effectiveness of our security solution. The external monitoring of facilities may not replace the need for guards at the client, since their function is to supervise the security procedures applied, in order to verify and enforce compliance with the procedures at the posts. The monitoring room offers an additional level of support for incident cases and management reporting.  One of the main objectives of remote monitoring is to help the local team to prepare an immediate and efficient response.<\/p>\t\t\t\t\t\t<\/div>\n\t\t\t\t<\/div>\n\t\t\t\t\t<\/div>\n\t\t<\/div>\n\t\t\t\t\t\t\t<\/div>\n\t\t<\/section>\n\t\t\t\t<section class=\"elementor-section elementor-top-section elementor-element elementor-element-f62a58b elementor-section-full_width elementor-section-height-default elementor-section-height-default\" data-id=\"f62a58b\" data-element_type=\"section\">\n\t\t\t\t\t\t<div class=\"elementor-container elementor-column-gap-default\">\n\t\t\t\t\t<div class=\"elementor-column elementor-col-50 elementor-top-column elementor-element elementor-element-b4a9bd3\" data-id=\"b4a9bd3\" data-element_type=\"column\">\n\t\t\t<div class=\"elementor-widget-wrap elementor-element-populated\">\n\t\t\t\t\t\t\t\t<div class=\"elementor-element elementor-element-f39da96 elementor-widget elementor-widget-image\" data-id=\"f39da96\" data-element_type=\"widget\" data-widget_type=\"image.default\">\n\t\t\t\t<div class=\"elementor-widget-container\">\n\t\t\t<style>\/*! elementor - v3.17.0 - 08-11-2023 *\/\n.elementor-widget-image{text-align:center}.elementor-widget-image a{display:inline-block}.elementor-widget-image a img[src$=\".svg\"]{width:48px}.elementor-widget-image img{vertical-align:middle;display:inline-block}<\/style>\t\t\t\t\t\t\t\t\t\t\t\t<img decoding=\"async\" width=\"328\" height=\"218\" src=\"https:\/\/serenus.co.mz\/wp-content\/uploads\/2023\/05\/Picture1.png\" class=\"attachment-large size-large wp-image-297\" alt=\"\" loading=\"lazy\" srcset=\"https:\/\/serenus.co.mz\/wp-content\/uploads\/2023\/05\/Picture1.png 328w, https:\/\/serenus.co.mz\/wp-content\/uploads\/2023\/05\/Picture1-300x199.png 300w, https:\/\/serenus.co.mz\/wp-content\/uploads\/2023\/05\/Picture1-18x12.png 18w\" sizes=\"(max-width: 328px) 100vw, 328px\" \/>\t\t\t\t\t\t\t\t\t\t\t\t\t\t\t<\/div>\n\t\t\t\t<\/div>\n\t\t\t\t\t<\/div>\n\t\t<\/div>\n\t\t\t\t<div class=\"elementor-column elementor-col-50 elementor-top-column elementor-element elementor-element-49d34e1\" data-id=\"49d34e1\" data-element_type=\"column\">\n\t\t\t<div class=\"elementor-widget-wrap elementor-element-populated\">\n\t\t\t\t\t\t\t\t<div class=\"elementor-element elementor-element-15cad55 elementor-widget elementor-widget-image\" data-id=\"15cad55\" data-element_type=\"widget\" data-widget_type=\"image.default\">\n\t\t\t\t<div class=\"elementor-widget-container\">\n\t\t\t\t\t\t\t\t\t\t\t\t\t\t\t<img decoding=\"async\" width=\"964\" height=\"272\" src=\"https:\/\/serenus.co.mz\/wp-content\/uploads\/2023\/05\/Picture2.png\" class=\"attachment-large size-large wp-image-298\" alt=\"\" loading=\"lazy\" srcset=\"https:\/\/serenus.co.mz\/wp-content\/uploads\/2023\/05\/Picture2.png 964w, https:\/\/serenus.co.mz\/wp-content\/uploads\/2023\/05\/Picture2-300x85.png 300w, https:\/\/serenus.co.mz\/wp-content\/uploads\/2023\/05\/Picture2-768x217.png 768w, https:\/\/serenus.co.mz\/wp-content\/uploads\/2023\/05\/Picture2-18x5.png 18w\" sizes=\"(max-width: 964px) 100vw, 964px\" \/>\t\t\t\t\t\t\t\t\t\t\t\t\t\t\t<\/div>\n\t\t\t\t<\/div>\n\t\t\t\t\t<\/div>\n\t\t<\/div>\n\t\t\t\t\t\t\t<\/div>\n\t\t<\/section>\n\t\t\t\t\t\t\t<\/div>","protected":false},"excerpt":{"rendered":"<p>GEST\u00c3O DE CENTRAIS DE MONITORIZA\u00c7\u00c3O E SEGURAN\u00c7A O nosso servi\u00e7o de monitoramento CCTV remoto, complementa o leque de servi\u00e7os de seguran\u00e7a que oferecemos aos nossos clientes. O monitoramento offsite pela Serenus estabelece um novo n\u00edvel de complementaridade por utilizarmos equipamentos de reconhecida qualidade que s\u00e3o cuidadosamente instalados em pontos estrat\u00e9gicos. Esta complementaridade de servi\u00e7os contribui &hellip;<\/p>\n<p class=\"read-more\"> <a class=\"\" href=\"https:\/\/serenus.co.mz\/en\/gestao-de-centrais\/\"> <span class=\"screen-reader-text\">gestao-de-centrais<\/span> Read More &raquo;<\/a><\/p>","protected":false},"author":2,"featured_media":0,"parent":0,"menu_order":0,"comment_status":"closed","ping_status":"closed","template":"","meta":{"om_disable_all_campaigns":false,"_mi_skip_tracking":false,"_monsterinsights_sitenote_active":false,"_monsterinsights_sitenote_note":"","_monsterinsights_sitenote_category":0,"site-sidebar-layout":"no-sidebar","site-content-layout":"page-builder","ast-site-content-layout":"","site-content-style":"default","site-sidebar-style":"default","ast-global-header-display":"","ast-banner-title-visibility":"","ast-main-header-display":"","ast-hfb-above-header-display":"","ast-hfb-below-header-display":"","ast-hfb-mobile-header-display":"","site-post-title":"disabled","ast-breadcrumbs-content":"","ast-featured-img":"disabled","footer-sml-layout":"","theme-transparent-header-meta":"","adv-header-id-meta":"","stick-header-meta":"","header-above-stick-meta":"","header-main-stick-meta":"","header-below-stick-meta":"","astra-migrate-meta-layouts":"","ast-page-background-enabled":"default","ast-page-background-meta":{"desktop":{"background-color":"var(--ast-global-color-4)","background-image":"","background-repeat":"repeat","background-position":"center center","background-size":"auto","background-attachment":"scroll","background-type":"","background-media":"","overlay-type":"","overlay-color":"","overlay-gradient":""},"tablet":{"background-color":"","background-image":"","background-repeat":"repeat","background-position":"center center","background-size":"auto","background-attachment":"scroll","background-type":"","background-media":"","overlay-type":"","overlay-color":"","overlay-gradient":""},"mobile":{"background-color":"","background-image":"","background-repeat":"repeat","background-position":"center center","background-size":"auto","background-attachment":"scroll","background-type":"","background-media":"","overlay-type":"","overlay-color":"","overlay-gradient":""}},"ast-content-background-meta":{"desktop":{"background-color":"var(--ast-global-color-5)","background-image":"","background-repeat":"repeat","background-position":"center center","background-size":"auto","background-attachment":"scroll","background-type":"","background-media":"","overlay-type":"","overlay-color":"","overlay-gradient":""},"tablet":{"background-color":"var(--ast-global-color-5)","background-image":"","background-repeat":"repeat","background-position":"center center","background-size":"auto","background-attachment":"scroll","background-type":"","background-media":"","overlay-type":"","overlay-color":"","overlay-gradient":""},"mobile":{"background-color":"var(--ast-global-color-5)","background-image":"","background-repeat":"repeat","background-position":"center center","background-size":"auto","background-attachment":"scroll","background-type":"","background-media":"","overlay-type":"","overlay-color":"","overlay-gradient":""}}},"yoast_head":"<!-- This site is optimized with the Yoast SEO plugin v21.5 - https:\/\/yoast.com\/wordpress\/plugins\/seo\/ -->\n<title>gestao-de-centrais - Serenus<\/title>\n<meta name=\"robots\" content=\"index, follow, max-snippet:-1, max-image-preview:large, max-video-preview:-1\" \/>\n<link rel=\"canonical\" href=\"https:\/\/serenus.co.mz\/en\/gestao-de-centrais\/\" \/>\n<meta property=\"og:locale\" content=\"en_US\" \/>\n<meta property=\"og:type\" content=\"article\" \/>\n<meta property=\"og:title\" content=\"gestao-de-centrais - Serenus\" \/>\n<meta property=\"og:description\" content=\"GEST\u00c3O DE CENTRAIS DE MONITORIZA\u00c7\u00c3O E SEGURAN\u00c7A O nosso servi\u00e7o de monitoramento CCTV remoto, complementa o leque de servi\u00e7os de seguran\u00e7a que oferecemos aos nossos clientes. O monitoramento offsite pela Serenus estabelece um novo n\u00edvel de complementaridade por utilizarmos equipamentos de reconhecida qualidade que s\u00e3o cuidadosamente instalados em pontos estrat\u00e9gicos. Esta complementaridade de servi\u00e7os contribui &hellip; gestao-de-centrais Read More &raquo;\" \/>\n<meta property=\"og:url\" content=\"https:\/\/serenus.co.mz\/en\/gestao-de-centrais\/\" \/>\n<meta property=\"og:site_name\" content=\"Serenus\" \/>\n<meta property=\"article:modified_time\" content=\"2023-08-15T08:18:28+00:00\" \/>\n<meta property=\"og:image\" content=\"https:\/\/serenus.co.mz\/wp-content\/uploads\/2023\/05\/Picture1.png\" \/>\n<meta name=\"twitter:card\" content=\"summary_large_image\" \/>\n<meta name=\"twitter:label1\" content=\"Est. reading time\" \/>\n\t<meta name=\"twitter:data1\" content=\"2 minutes\" \/>\n<script type=\"application\/ld+json\" class=\"yoast-schema-graph\">{\"@context\":\"https:\/\/schema.org\",\"@graph\":[{\"@type\":\"WebPage\",\"@id\":\"https:\/\/serenus.co.mz\/gestao-de-centrais\/\",\"url\":\"https:\/\/serenus.co.mz\/gestao-de-centrais\/\",\"name\":\"gestao-de-centrais - Serenus\",\"isPartOf\":{\"@id\":\"https:\/\/serenus.co.mz\/#website\"},\"datePublished\":\"2023-05-05T08:53:35+00:00\",\"dateModified\":\"2023-08-15T08:18:28+00:00\",\"breadcrumb\":{\"@id\":\"https:\/\/serenus.co.mz\/gestao-de-centrais\/#breadcrumb\"},\"inLanguage\":\"en-US\",\"potentialAction\":[{\"@type\":\"ReadAction\",\"target\":[\"https:\/\/serenus.co.mz\/gestao-de-centrais\/\"]}]},{\"@type\":\"BreadcrumbList\",\"@id\":\"https:\/\/serenus.co.mz\/gestao-de-centrais\/#breadcrumb\",\"itemListElement\":[{\"@type\":\"ListItem\",\"position\":1,\"name\":\"Home\",\"item\":\"https:\/\/serenus.co.mz\/\"},{\"@type\":\"ListItem\",\"position\":2,\"name\":\"gestao-de-centrais\"}]},{\"@type\":\"WebSite\",\"@id\":\"https:\/\/serenus.co.mz\/#website\",\"url\":\"https:\/\/serenus.co.mz\/\",\"name\":\"Serenus\",\"description\":\"Protec\u00e7\u00e3o e Seguran\u00e7a\",\"publisher\":{\"@id\":\"https:\/\/serenus.co.mz\/#organization\"},\"potentialAction\":[{\"@type\":\"SearchAction\",\"target\":{\"@type\":\"EntryPoint\",\"urlTemplate\":\"https:\/\/serenus.co.mz\/?s={search_term_string}\"},\"query-input\":\"required name=search_term_string\"}],\"inLanguage\":\"en-US\"},{\"@type\":\"Organization\",\"@id\":\"https:\/\/serenus.co.mz\/#organization\",\"name\":\"Serenus\",\"url\":\"https:\/\/serenus.co.mz\/\",\"logo\":{\"@type\":\"ImageObject\",\"inLanguage\":\"en-US\",\"@id\":\"https:\/\/serenus.co.mz\/#\/schema\/logo\/image\/\",\"url\":\"https:\/\/serenus.co.mz\/wp-content\/uploads\/2023\/04\/serenus-sobre-1.png\",\"contentUrl\":\"https:\/\/serenus.co.mz\/wp-content\/uploads\/2023\/04\/serenus-sobre-1.png\",\"width\":831,\"height\":319,\"caption\":\"Serenus\"},\"image\":{\"@id\":\"https:\/\/serenus.co.mz\/#\/schema\/logo\/image\/\"}}]}<\/script>\n<!-- \/ Yoast SEO plugin. -->","yoast_head_json":{"title":"gestao-de-centrais - Serenus","robots":{"index":"index","follow":"follow","max-snippet":"max-snippet:-1","max-image-preview":"max-image-preview:large","max-video-preview":"max-video-preview:-1"},"canonical":"https:\/\/serenus.co.mz\/en\/gestao-de-centrais\/","og_locale":"en_US","og_type":"article","og_title":"gestao-de-centrais - Serenus","og_description":"GEST\u00c3O DE CENTRAIS DE MONITORIZA\u00c7\u00c3O E SEGURAN\u00c7A O nosso servi\u00e7o de monitoramento CCTV remoto, complementa o leque de servi\u00e7os de seguran\u00e7a que oferecemos aos nossos clientes. O monitoramento offsite pela Serenus estabelece um novo n\u00edvel de complementaridade por utilizarmos equipamentos de reconhecida qualidade que s\u00e3o cuidadosamente instalados em pontos estrat\u00e9gicos. Esta complementaridade de servi\u00e7os contribui &hellip; gestao-de-centrais Read More &raquo;","og_url":"https:\/\/serenus.co.mz\/en\/gestao-de-centrais\/","og_site_name":"Serenus","article_modified_time":"2023-08-15T08:18:28+00:00","og_image":[{"url":"https:\/\/serenus.co.mz\/wp-content\/uploads\/2023\/05\/Picture1.png"}],"twitter_card":"summary_large_image","twitter_misc":{"Est. reading time":"2 minutes"},"schema":{"@context":"https:\/\/schema.org","@graph":[{"@type":"WebPage","@id":"https:\/\/serenus.co.mz\/gestao-de-centrais\/","url":"https:\/\/serenus.co.mz\/gestao-de-centrais\/","name":"gestao-de-centrais - Serenus","isPartOf":{"@id":"https:\/\/serenus.co.mz\/#website"},"datePublished":"2023-05-05T08:53:35+00:00","dateModified":"2023-08-15T08:18:28+00:00","breadcrumb":{"@id":"https:\/\/serenus.co.mz\/gestao-de-centrais\/#breadcrumb"},"inLanguage":"en-US","potentialAction":[{"@type":"ReadAction","target":["https:\/\/serenus.co.mz\/gestao-de-centrais\/"]}]},{"@type":"BreadcrumbList","@id":"https:\/\/serenus.co.mz\/gestao-de-centrais\/#breadcrumb","itemListElement":[{"@type":"ListItem","position":1,"name":"Home","item":"https:\/\/serenus.co.mz\/"},{"@type":"ListItem","position":2,"name":"gestao-de-centrais"}]},{"@type":"WebSite","@id":"https:\/\/serenus.co.mz\/#website","url":"https:\/\/serenus.co.mz\/","name":"Serenus","description":"Protec\u00e7\u00e3o e Seguran\u00e7a","publisher":{"@id":"https:\/\/serenus.co.mz\/#organization"},"potentialAction":[{"@type":"SearchAction","target":{"@type":"EntryPoint","urlTemplate":"https:\/\/serenus.co.mz\/?s={search_term_string}"},"query-input":"required name=search_term_string"}],"inLanguage":"en-US"},{"@type":"Organization","@id":"https:\/\/serenus.co.mz\/#organization","name":"Serenus","url":"https:\/\/serenus.co.mz\/","logo":{"@type":"ImageObject","inLanguage":"en-US","@id":"https:\/\/serenus.co.mz\/#\/schema\/logo\/image\/","url":"https:\/\/serenus.co.mz\/wp-content\/uploads\/2023\/04\/serenus-sobre-1.png","contentUrl":"https:\/\/serenus.co.mz\/wp-content\/uploads\/2023\/04\/serenus-sobre-1.png","width":831,"height":319,"caption":"Serenus"},"image":{"@id":"https:\/\/serenus.co.mz\/#\/schema\/logo\/image\/"}}]}},"_links":{"self":[{"href":"https:\/\/serenus.co.mz\/en\/wp-json\/wp\/v2\/pages\/295"}],"collection":[{"href":"https:\/\/serenus.co.mz\/en\/wp-json\/wp\/v2\/pages"}],"about":[{"href":"https:\/\/serenus.co.mz\/en\/wp-json\/wp\/v2\/types\/page"}],"author":[{"embeddable":true,"href":"https:\/\/serenus.co.mz\/en\/wp-json\/wp\/v2\/users\/2"}],"replies":[{"embeddable":true,"href":"https:\/\/serenus.co.mz\/en\/wp-json\/wp\/v2\/comments?post=295"}],"version-history":[{"count":7,"href":"https:\/\/serenus.co.mz\/en\/wp-json\/wp\/v2\/pages\/295\/revisions"}],"predecessor-version":[{"id":528,"href":"https:\/\/serenus.co.mz\/en\/wp-json\/wp\/v2\/pages\/295\/revisions\/528"}],"wp:attachment":[{"href":"https:\/\/serenus.co.mz\/en\/wp-json\/wp\/v2\/media?parent=295"}],"curies":[{"name":"wp","href":"https:\/\/api.w.org\/{rel}","templated":true}]}}