{"id":305,"date":"2023-05-05T09:00:00","date_gmt":"2023-05-05T09:00:00","guid":{"rendered":"https:\/\/serenus.co.mz\/?page_id=305"},"modified":"2023-08-15T08:31:19","modified_gmt":"2023-08-15T08:31:19","slug":"solucoes-integradas","status":"publish","type":"page","link":"https:\/\/serenus.co.mz\/en\/solucoes-integradas\/","title":{"rendered":"solucoes-integradas"},"content":{"rendered":"<div data-elementor-type=\"wp-page\" data-elementor-id=\"305\" class=\"elementor elementor-305\" data-elementor-post-type=\"page\">\n\t\t\t\t\t\t\t\t\t<section class=\"elementor-section elementor-top-section elementor-element elementor-element-55cd316 elementor-section-boxed elementor-section-height-default elementor-section-height-default\" data-id=\"55cd316\" data-element_type=\"section\">\n\t\t\t\t\t\t<div class=\"elementor-container elementor-column-gap-default\">\n\t\t\t\t\t<div class=\"elementor-column elementor-col-100 elementor-top-column elementor-element elementor-element-d7c9efe\" data-id=\"d7c9efe\" data-element_type=\"column\">\n\t\t\t<div class=\"elementor-widget-wrap elementor-element-populated\">\n\t\t\t\t\t\t\t\t<div class=\"elementor-element elementor-element-f6bfece elementor-widget elementor-widget-spacer\" data-id=\"f6bfece\" data-element_type=\"widget\" data-widget_type=\"spacer.default\">\n\t\t\t\t<div class=\"elementor-widget-container\">\n\t\t\t<style>\/*! elementor - v3.17.0 - 08-11-2023 *\/\n.elementor-column .elementor-spacer-inner{height:var(--spacer-size)}.e-con{--container-widget-width:100%}.e-con-inner>.elementor-widget-spacer,.e-con>.elementor-widget-spacer{width:var(--container-widget-width,var(--spacer-size));--align-self:var(--container-widget-align-self,initial);--flex-shrink:0}.e-con-inner>.elementor-widget-spacer>.elementor-widget-container,.e-con>.elementor-widget-spacer>.elementor-widget-container{height:100%;width:100%}.e-con-inner>.elementor-widget-spacer>.elementor-widget-container>.elementor-spacer,.e-con>.elementor-widget-spacer>.elementor-widget-container>.elementor-spacer{height:100%}.e-con-inner>.elementor-widget-spacer>.elementor-widget-container>.elementor-spacer>.elementor-spacer-inner,.e-con>.elementor-widget-spacer>.elementor-widget-container>.elementor-spacer>.elementor-spacer-inner{height:var(--container-widget-height,var(--spacer-size))}.e-con-inner>.elementor-widget-spacer.elementor-widget-empty,.e-con>.elementor-widget-spacer.elementor-widget-empty{position:relative;min-height:22px;min-width:22px}.e-con-inner>.elementor-widget-spacer.elementor-widget-empty .elementor-widget-empty-icon,.e-con>.elementor-widget-spacer.elementor-widget-empty .elementor-widget-empty-icon{position:absolute;top:0;bottom:0;left:0;right:0;margin:auto;padding:0;width:22px;height:22px}<\/style>\t\t<div class=\"elementor-spacer\">\n\t\t\t<div class=\"elementor-spacer-inner\"><\/div>\n\t\t<\/div>\n\t\t\t\t<\/div>\n\t\t\t\t<\/div>\n\t\t\t\t<div class=\"elementor-element elementor-element-3c599e3 elementor-widget elementor-widget-heading\" data-id=\"3c599e3\" data-element_type=\"widget\" data-widget_type=\"heading.default\">\n\t\t\t\t<div class=\"elementor-widget-container\">\n\t\t\t<style>\/*! elementor - v3.17.0 - 08-11-2023 *\/\n.elementor-heading-title{padding:0;margin:0;line-height:1}.elementor-widget-heading .elementor-heading-title[class*=elementor-size-]>a{color:inherit;font-size:inherit;line-height:inherit}.elementor-widget-heading .elementor-heading-title.elementor-size-small{font-size:15px}.elementor-widget-heading .elementor-heading-title.elementor-size-medium{font-size:19px}.elementor-widget-heading .elementor-heading-title.elementor-size-large{font-size:29px}.elementor-widget-heading .elementor-heading-title.elementor-size-xl{font-size:39px}.elementor-widget-heading .elementor-heading-title.elementor-size-xxl{font-size:59px}<\/style><h2 class=\"elementor-heading-title elementor-size-default\">INTEGRATED SECURITY SOLUTIONS<\/h2>\t\t<\/div>\n\t\t\t\t<\/div>\n\t\t\t\t\t<\/div>\n\t\t<\/div>\n\t\t\t\t\t\t\t<\/div>\n\t\t<\/section>\n\t\t\t\t<section class=\"elementor-section elementor-top-section elementor-element elementor-element-34bbd0c elementor-section-full_width elementor-section-height-default elementor-section-height-default\" data-id=\"34bbd0c\" data-element_type=\"section\">\n\t\t\t\t\t\t<div class=\"elementor-container elementor-column-gap-default\">\n\t\t\t\t\t<div class=\"elementor-column elementor-col-100 elementor-top-column elementor-element elementor-element-fbf0894\" data-id=\"fbf0894\" data-element_type=\"column\">\n\t\t\t<div class=\"elementor-widget-wrap elementor-element-populated\">\n\t\t\t\t\t\t\t\t<div class=\"elementor-element elementor-element-592cb92 elementor-widget elementor-widget-text-editor\" data-id=\"592cb92\" data-element_type=\"widget\" data-widget_type=\"text-editor.default\">\n\t\t\t\t<div class=\"elementor-widget-container\">\n\t\t\t<style>\/*! elementor - v3.17.0 - 08-11-2023 *\/\n.elementor-widget-text-editor.elementor-drop-cap-view-stacked .elementor-drop-cap{background-color:#69727d;color:#fff}.elementor-widget-text-editor.elementor-drop-cap-view-framed .elementor-drop-cap{color:#69727d;border:3px solid;background-color:transparent}.elementor-widget-text-editor:not(.elementor-drop-cap-view-default) .elementor-drop-cap{margin-top:8px}.elementor-widget-text-editor:not(.elementor-drop-cap-view-default) .elementor-drop-cap-letter{width:1em;height:1em}.elementor-widget-text-editor .elementor-drop-cap{float:left;text-align:center;line-height:1;font-size:50px}.elementor-widget-text-editor .elementor-drop-cap-letter{display:inline-block}<\/style>\t\t\t\t<p>Because we recognise that time, money and quality are key factors for our customers, we offer cost-effective, time-saving security solutions, adapting our technical solutions to meet our customers' security needs.<\/p><p>Successful security solutions typically comprise a combination of different services and technologies where security agents are added to prevent damage and intrusion and can react quickly to protect our customers and their assets.<\/p><p>This combination of technological systems with the human component guarantees the mitigation of costs and the enhancement of the quality of the service provided.<\/p>\t\t\t\t\t\t<\/div>\n\t\t\t\t<\/div>\n\t\t\t\t\t<\/div>\n\t\t<\/div>\n\t\t\t\t\t\t\t<\/div>\n\t\t<\/section>\n\t\t\t\t<section class=\"elementor-section elementor-top-section elementor-element elementor-element-17e572c elementor-section-full_width elementor-section-height-default elementor-section-height-default\" data-id=\"17e572c\" data-element_type=\"section\">\n\t\t\t\t\t\t<div class=\"elementor-container elementor-column-gap-default\">\n\t\t\t\t\t<div class=\"elementor-column elementor-col-33 elementor-top-column elementor-element elementor-element-c34ae9f\" data-id=\"c34ae9f\" data-element_type=\"column\">\n\t\t\t<div class=\"elementor-widget-wrap elementor-element-populated\">\n\t\t\t\t\t\t\t\t<div class=\"elementor-element elementor-element-41488f2 elementor-widget elementor-widget-image\" data-id=\"41488f2\" data-element_type=\"widget\" data-widget_type=\"image.default\">\n\t\t\t\t<div class=\"elementor-widget-container\">\n\t\t\t<style>\/*! elementor - v3.17.0 - 08-11-2023 *\/\n.elementor-widget-image{text-align:center}.elementor-widget-image a{display:inline-block}.elementor-widget-image a img[src$=\".svg\"]{width:48px}.elementor-widget-image img{vertical-align:middle;display:inline-block}<\/style>\t\t\t\t\t\t\t\t\t\t\t\t<img decoding=\"async\" width=\"354\" height=\"217\" src=\"https:\/\/serenus.co.mz\/wp-content\/uploads\/2023\/05\/Picture3.png\" class=\"attachment-large size-large wp-image-307\" alt=\"\" loading=\"lazy\" srcset=\"https:\/\/serenus.co.mz\/wp-content\/uploads\/2023\/05\/Picture3.png 354w, https:\/\/serenus.co.mz\/wp-content\/uploads\/2023\/05\/Picture3-300x184.png 300w, https:\/\/serenus.co.mz\/wp-content\/uploads\/2023\/05\/Picture3-18x12.png 18w\" sizes=\"(max-width: 354px) 100vw, 354px\" \/>\t\t\t\t\t\t\t\t\t\t\t\t\t\t\t<\/div>\n\t\t\t\t<\/div>\n\t\t\t\t\t<\/div>\n\t\t<\/div>\n\t\t\t\t<div class=\"elementor-column elementor-col-33 elementor-top-column elementor-element elementor-element-3c59cd7\" data-id=\"3c59cd7\" data-element_type=\"column\">\n\t\t\t<div class=\"elementor-widget-wrap elementor-element-populated\">\n\t\t\t\t\t\t\t\t<div class=\"elementor-element elementor-element-bb22e58 elementor-widget elementor-widget-image\" data-id=\"bb22e58\" data-element_type=\"widget\" data-widget_type=\"image.default\">\n\t\t\t\t<div class=\"elementor-widget-container\">\n\t\t\t\t\t\t\t\t\t\t\t\t\t\t\t<img decoding=\"async\" width=\"394\" height=\"219\" src=\"https:\/\/serenus.co.mz\/wp-content\/uploads\/2023\/05\/Picture4.png\" class=\"attachment-large size-large wp-image-308\" alt=\"\" loading=\"lazy\" srcset=\"https:\/\/serenus.co.mz\/wp-content\/uploads\/2023\/05\/Picture4.png 394w, https:\/\/serenus.co.mz\/wp-content\/uploads\/2023\/05\/Picture4-300x167.png 300w, https:\/\/serenus.co.mz\/wp-content\/uploads\/2023\/05\/Picture4-18x10.png 18w\" sizes=\"(max-width: 394px) 100vw, 394px\" \/>\t\t\t\t\t\t\t\t\t\t\t\t\t\t\t<\/div>\n\t\t\t\t<\/div>\n\t\t\t\t\t<\/div>\n\t\t<\/div>\n\t\t\t\t<div class=\"elementor-column elementor-col-33 elementor-top-column elementor-element elementor-element-ea2f1cd\" data-id=\"ea2f1cd\" data-element_type=\"column\">\n\t\t\t<div class=\"elementor-widget-wrap elementor-element-populated\">\n\t\t\t\t\t\t\t\t<div class=\"elementor-element elementor-element-4eb5663 elementor-widget elementor-widget-image\" data-id=\"4eb5663\" data-element_type=\"widget\" data-widget_type=\"image.default\">\n\t\t\t\t<div class=\"elementor-widget-container\">\n\t\t\t\t\t\t\t\t\t\t\t\t\t\t\t<img decoding=\"async\" width=\"320\" height=\"217\" src=\"https:\/\/serenus.co.mz\/wp-content\/uploads\/2023\/05\/Picture33.png\" class=\"attachment-large size-large wp-image-309\" alt=\"\" loading=\"lazy\" srcset=\"https:\/\/serenus.co.mz\/wp-content\/uploads\/2023\/05\/Picture33.png 320w, https:\/\/serenus.co.mz\/wp-content\/uploads\/2023\/05\/Picture33-300x203.png 300w, https:\/\/serenus.co.mz\/wp-content\/uploads\/2023\/05\/Picture33-18x12.png 18w\" sizes=\"(max-width: 320px) 100vw, 320px\" \/>\t\t\t\t\t\t\t\t\t\t\t\t\t\t\t<\/div>\n\t\t\t\t<\/div>\n\t\t\t\t\t<\/div>\n\t\t<\/div>\n\t\t\t\t\t\t\t<\/div>\n\t\t<\/section>\n\t\t\t\t\t\t\t<\/div>","protected":false},"excerpt":{"rendered":"<p>SOLU\u00c7\u00d5ES INTEGRADAS DE SEGURAN\u00c7A Por reconhecermos que o tempo, o dinheiro e a qualidade s\u00e3o fatores-chave para os nossos clientes, oferecemos solu\u00e7\u00f5es de seguran\u00e7a econ\u00f3micas que poupam tempo, adaptando as nossas solu\u00e7\u00f5es t\u00e9cnicas para atender \u00e0s necessidades de seguran\u00e7a dos nossos clientes. As solu\u00e7\u00f5es de seguran\u00e7a bem-sucedidas, por norma compreendem uma combina\u00e7\u00e3o de diferentes servi\u00e7os &hellip;<\/p>\n<p class=\"read-more\"> <a class=\"\" href=\"https:\/\/serenus.co.mz\/en\/solucoes-integradas\/\"> <span class=\"screen-reader-text\">solucoes-integradas<\/span> Read More &raquo;<\/a><\/p>","protected":false},"author":2,"featured_media":0,"parent":0,"menu_order":0,"comment_status":"closed","ping_status":"closed","template":"","meta":{"om_disable_all_campaigns":false,"_mi_skip_tracking":false,"_monsterinsights_sitenote_active":false,"_monsterinsights_sitenote_note":"","_monsterinsights_sitenote_category":0,"site-sidebar-layout":"no-sidebar","site-content-layout":"page-builder","ast-site-content-layout":"","site-content-style":"default","site-sidebar-style":"default","ast-global-header-display":"","ast-banner-title-visibility":"","ast-main-header-display":"","ast-hfb-above-header-display":"","ast-hfb-below-header-display":"","ast-hfb-mobile-header-display":"","site-post-title":"disabled","ast-breadcrumbs-content":"","ast-featured-img":"disabled","footer-sml-layout":"","theme-transparent-header-meta":"","adv-header-id-meta":"","stick-header-meta":"","header-above-stick-meta":"","header-main-stick-meta":"","header-below-stick-meta":"","astra-migrate-meta-layouts":"","ast-page-background-enabled":"default","ast-page-background-meta":{"desktop":{"background-color":"var(--ast-global-color-4)","background-image":"","background-repeat":"repeat","background-position":"center center","background-size":"auto","background-attachment":"scroll","background-type":"","background-media":"","overlay-type":"","overlay-color":"","overlay-gradient":""},"tablet":{"background-color":"","background-image":"","background-repeat":"repeat","background-position":"center center","background-size":"auto","background-attachment":"scroll","background-type":"","background-media":"","overlay-type":"","overlay-color":"","overlay-gradient":""},"mobile":{"background-color":"","background-image":"","background-repeat":"repeat","background-position":"center center","background-size":"auto","background-attachment":"scroll","background-type":"","background-media":"","overlay-type":"","overlay-color":"","overlay-gradient":""}},"ast-content-background-meta":{"desktop":{"background-color":"var(--ast-global-color-5)","background-image":"","background-repeat":"repeat","background-position":"center center","background-size":"auto","background-attachment":"scroll","background-type":"","background-media":"","overlay-type":"","overlay-color":"","overlay-gradient":""},"tablet":{"background-color":"var(--ast-global-color-5)","background-image":"","background-repeat":"repeat","background-position":"center center","background-size":"auto","background-attachment":"scroll","background-type":"","background-media":"","overlay-type":"","overlay-color":"","overlay-gradient":""},"mobile":{"background-color":"var(--ast-global-color-5)","background-image":"","background-repeat":"repeat","background-position":"center center","background-size":"auto","background-attachment":"scroll","background-type":"","background-media":"","overlay-type":"","overlay-color":"","overlay-gradient":""}}},"yoast_head":"<!-- This site is optimized with the Yoast SEO plugin v21.5 - https:\/\/yoast.com\/wordpress\/plugins\/seo\/ -->\n<title>solucoes-integradas - Serenus<\/title>\n<meta name=\"robots\" content=\"index, follow, max-snippet:-1, max-image-preview:large, max-video-preview:-1\" \/>\n<link rel=\"canonical\" href=\"https:\/\/serenus.co.mz\/en\/solucoes-integradas\/\" \/>\n<meta property=\"og:locale\" content=\"en_US\" \/>\n<meta property=\"og:type\" content=\"article\" \/>\n<meta property=\"og:title\" content=\"solucoes-integradas - Serenus\" \/>\n<meta property=\"og:description\" content=\"SOLU\u00c7\u00d5ES INTEGRADAS DE SEGURAN\u00c7A Por reconhecermos que o tempo, o dinheiro e a qualidade s\u00e3o fatores-chave para os nossos clientes, oferecemos solu\u00e7\u00f5es de seguran\u00e7a econ\u00f3micas que poupam tempo, adaptando as nossas solu\u00e7\u00f5es t\u00e9cnicas para atender \u00e0s necessidades de seguran\u00e7a dos nossos clientes. As solu\u00e7\u00f5es de seguran\u00e7a bem-sucedidas, por norma compreendem uma combina\u00e7\u00e3o de diferentes servi\u00e7os &hellip; solucoes-integradas Read More &raquo;\" \/>\n<meta property=\"og:url\" content=\"https:\/\/serenus.co.mz\/en\/solucoes-integradas\/\" \/>\n<meta property=\"og:site_name\" content=\"Serenus\" \/>\n<meta property=\"article:modified_time\" content=\"2023-08-15T08:31:19+00:00\" \/>\n<meta property=\"og:image\" content=\"https:\/\/serenus.co.mz\/wp-content\/uploads\/2023\/05\/Picture3.png\" \/>\n<meta name=\"twitter:card\" content=\"summary_large_image\" \/>\n<meta name=\"twitter:label1\" content=\"Est. reading time\" \/>\n\t<meta name=\"twitter:data1\" content=\"2 minutes\" \/>\n<script type=\"application\/ld+json\" class=\"yoast-schema-graph\">{\"@context\":\"https:\/\/schema.org\",\"@graph\":[{\"@type\":\"WebPage\",\"@id\":\"https:\/\/serenus.co.mz\/solucoes-integradas\/\",\"url\":\"https:\/\/serenus.co.mz\/solucoes-integradas\/\",\"name\":\"solucoes-integradas - Serenus\",\"isPartOf\":{\"@id\":\"https:\/\/serenus.co.mz\/#website\"},\"datePublished\":\"2023-05-05T09:00:00+00:00\",\"dateModified\":\"2023-08-15T08:31:19+00:00\",\"breadcrumb\":{\"@id\":\"https:\/\/serenus.co.mz\/solucoes-integradas\/#breadcrumb\"},\"inLanguage\":\"en-US\",\"potentialAction\":[{\"@type\":\"ReadAction\",\"target\":[\"https:\/\/serenus.co.mz\/solucoes-integradas\/\"]}]},{\"@type\":\"BreadcrumbList\",\"@id\":\"https:\/\/serenus.co.mz\/solucoes-integradas\/#breadcrumb\",\"itemListElement\":[{\"@type\":\"ListItem\",\"position\":1,\"name\":\"Home\",\"item\":\"https:\/\/serenus.co.mz\/\"},{\"@type\":\"ListItem\",\"position\":2,\"name\":\"solucoes-integradas\"}]},{\"@type\":\"WebSite\",\"@id\":\"https:\/\/serenus.co.mz\/#website\",\"url\":\"https:\/\/serenus.co.mz\/\",\"name\":\"Serenus\",\"description\":\"Protec\u00e7\u00e3o e Seguran\u00e7a\",\"publisher\":{\"@id\":\"https:\/\/serenus.co.mz\/#organization\"},\"potentialAction\":[{\"@type\":\"SearchAction\",\"target\":{\"@type\":\"EntryPoint\",\"urlTemplate\":\"https:\/\/serenus.co.mz\/?s={search_term_string}\"},\"query-input\":\"required name=search_term_string\"}],\"inLanguage\":\"en-US\"},{\"@type\":\"Organization\",\"@id\":\"https:\/\/serenus.co.mz\/#organization\",\"name\":\"Serenus\",\"url\":\"https:\/\/serenus.co.mz\/\",\"logo\":{\"@type\":\"ImageObject\",\"inLanguage\":\"en-US\",\"@id\":\"https:\/\/serenus.co.mz\/#\/schema\/logo\/image\/\",\"url\":\"https:\/\/serenus.co.mz\/wp-content\/uploads\/2023\/04\/serenus-sobre-1.png\",\"contentUrl\":\"https:\/\/serenus.co.mz\/wp-content\/uploads\/2023\/04\/serenus-sobre-1.png\",\"width\":831,\"height\":319,\"caption\":\"Serenus\"},\"image\":{\"@id\":\"https:\/\/serenus.co.mz\/#\/schema\/logo\/image\/\"}}]}<\/script>\n<!-- \/ Yoast SEO plugin. -->","yoast_head_json":{"title":"solucoes-integradas - Serenus","robots":{"index":"index","follow":"follow","max-snippet":"max-snippet:-1","max-image-preview":"max-image-preview:large","max-video-preview":"max-video-preview:-1"},"canonical":"https:\/\/serenus.co.mz\/en\/solucoes-integradas\/","og_locale":"en_US","og_type":"article","og_title":"solucoes-integradas - Serenus","og_description":"SOLU\u00c7\u00d5ES INTEGRADAS DE SEGURAN\u00c7A Por reconhecermos que o tempo, o dinheiro e a qualidade s\u00e3o fatores-chave para os nossos clientes, oferecemos solu\u00e7\u00f5es de seguran\u00e7a econ\u00f3micas que poupam tempo, adaptando as nossas solu\u00e7\u00f5es t\u00e9cnicas para atender \u00e0s necessidades de seguran\u00e7a dos nossos clientes. As solu\u00e7\u00f5es de seguran\u00e7a bem-sucedidas, por norma compreendem uma combina\u00e7\u00e3o de diferentes servi\u00e7os &hellip; solucoes-integradas Read More &raquo;","og_url":"https:\/\/serenus.co.mz\/en\/solucoes-integradas\/","og_site_name":"Serenus","article_modified_time":"2023-08-15T08:31:19+00:00","og_image":[{"url":"https:\/\/serenus.co.mz\/wp-content\/uploads\/2023\/05\/Picture3.png"}],"twitter_card":"summary_large_image","twitter_misc":{"Est. reading time":"2 minutes"},"schema":{"@context":"https:\/\/schema.org","@graph":[{"@type":"WebPage","@id":"https:\/\/serenus.co.mz\/solucoes-integradas\/","url":"https:\/\/serenus.co.mz\/solucoes-integradas\/","name":"solucoes-integradas - Serenus","isPartOf":{"@id":"https:\/\/serenus.co.mz\/#website"},"datePublished":"2023-05-05T09:00:00+00:00","dateModified":"2023-08-15T08:31:19+00:00","breadcrumb":{"@id":"https:\/\/serenus.co.mz\/solucoes-integradas\/#breadcrumb"},"inLanguage":"en-US","potentialAction":[{"@type":"ReadAction","target":["https:\/\/serenus.co.mz\/solucoes-integradas\/"]}]},{"@type":"BreadcrumbList","@id":"https:\/\/serenus.co.mz\/solucoes-integradas\/#breadcrumb","itemListElement":[{"@type":"ListItem","position":1,"name":"Home","item":"https:\/\/serenus.co.mz\/"},{"@type":"ListItem","position":2,"name":"solucoes-integradas"}]},{"@type":"WebSite","@id":"https:\/\/serenus.co.mz\/#website","url":"https:\/\/serenus.co.mz\/","name":"Serenus","description":"Protec\u00e7\u00e3o e Seguran\u00e7a","publisher":{"@id":"https:\/\/serenus.co.mz\/#organization"},"potentialAction":[{"@type":"SearchAction","target":{"@type":"EntryPoint","urlTemplate":"https:\/\/serenus.co.mz\/?s={search_term_string}"},"query-input":"required name=search_term_string"}],"inLanguage":"en-US"},{"@type":"Organization","@id":"https:\/\/serenus.co.mz\/#organization","name":"Serenus","url":"https:\/\/serenus.co.mz\/","logo":{"@type":"ImageObject","inLanguage":"en-US","@id":"https:\/\/serenus.co.mz\/#\/schema\/logo\/image\/","url":"https:\/\/serenus.co.mz\/wp-content\/uploads\/2023\/04\/serenus-sobre-1.png","contentUrl":"https:\/\/serenus.co.mz\/wp-content\/uploads\/2023\/04\/serenus-sobre-1.png","width":831,"height":319,"caption":"Serenus"},"image":{"@id":"https:\/\/serenus.co.mz\/#\/schema\/logo\/image\/"}}]}},"_links":{"self":[{"href":"https:\/\/serenus.co.mz\/en\/wp-json\/wp\/v2\/pages\/305"}],"collection":[{"href":"https:\/\/serenus.co.mz\/en\/wp-json\/wp\/v2\/pages"}],"about":[{"href":"https:\/\/serenus.co.mz\/en\/wp-json\/wp\/v2\/types\/page"}],"author":[{"embeddable":true,"href":"https:\/\/serenus.co.mz\/en\/wp-json\/wp\/v2\/users\/2"}],"replies":[{"embeddable":true,"href":"https:\/\/serenus.co.mz\/en\/wp-json\/wp\/v2\/comments?post=305"}],"version-history":[{"count":7,"href":"https:\/\/serenus.co.mz\/en\/wp-json\/wp\/v2\/pages\/305\/revisions"}],"predecessor-version":[{"id":559,"href":"https:\/\/serenus.co.mz\/en\/wp-json\/wp\/v2\/pages\/305\/revisions\/559"}],"wp:attachment":[{"href":"https:\/\/serenus.co.mz\/en\/wp-json\/wp\/v2\/media?parent=305"}],"curies":[{"name":"wp","href":"https:\/\/api.w.org\/{rel}","templated":true}]}}